{"id":82,"date":"2021-06-21T12:53:55","date_gmt":"2021-06-21T12:53:55","guid":{"rendered":"https:\/\/hotel-miramonti.ms.decms.eu\/?page_id=82"},"modified":"2023-07-30T08:07:05","modified_gmt":"2023-07-30T08:07:05","slug":"chambre-double-classique","status":"publish","type":"page","link":"https:\/\/www.hotelmiramonticorvara.it\/fr\/chambres\/chambre-double-classique\/","title":{"rendered":"Chambre Double Classique"},"content":{"rendered":"<p style=\"text-align: center\">L\u2019id\u00e9al pour le client qui recherche le meilleur compromis qualit\u00e9 \/prix. La grande chambre \u00e0 lit double jouit d\u2019une ambiance chaleureuse et dot\u00e9e de tout confort. Toutes les chambres sont sans balcon et se trouvent pour la plupart au rez-de-chauss\u00e9e.<br \/>\nPour un s\u00e9jour de bien-\u00eatre et de relax.<\/p>\n<p style=\"text-align: center\">\nPETITS ANIMAUX ADMIS<br \/>\nVUE INTERNE OU SUR LA VILLE<br \/>\nSOL EN MARBRE OU CARRELAGE<br \/>\nTAPIS CHAMBRE SOL<\/p>\n<p style=\"text-align: center\"><strong>Occupation maximale pour 2 personnes \/ 18 m\u00b2<\/strong><\/p>\n","protected":false},"excerpt":{"rendered":"<p>L\u2019id\u00e9al pour le client qui recherche le meilleur compromis qualit\u00e9 \/prix. La grande chambre \u00e0 lit double jouit d\u2019une ambiance chaleureuse et dot\u00e9e de tout confort. Toutes les chambres sont sans balcon et se trouvent pour la plupart au rez-de-chauss\u00e9e. Pour un s\u00e9jour de bien-\u00eatre et de relax. PETITS ANIMAUX ADMIS VUE INTERNE OU SUR [&hellip;]<\/p>\n","protected":false},"author":36,"featured_media":0,"parent":56,"menu_order":5,"comment_status":"closed","ping_status":"closed","template":"template-single-room.php","meta":{"footnotes":""},"class_list":["post-82","page","type-page","status-publish","hentry"],"yoast_head":"<!-- This site is optimized with the Yoast SEO plugin v26.9 - https:\/\/yoast.com\/product\/yoast-seo-wordpress\/ -->\n<title>Chambre Double Classique - Hotel Miramonti Corvara -<\/title>\n<meta name=\"description\" content=\"L\u2019id\u00e9al pour le client qui recherche le meilleur compromis qualit\u00e9 \/prix. La grande chambre \u00e0 lit double jouit d\u2019une ambiance chaleureuse et dot\u00e9e de tout confort\" \/>\n<meta name=\"robots\" content=\"noindex, follow\" \/>\n<meta property=\"og:locale\" content=\"fr_FR\" \/>\n<meta property=\"og:type\" content=\"article\" \/>\n<meta property=\"og:title\" content=\"Chambre Double Classique - Hotel Miramonti Corvara -\" \/>\n<meta property=\"og:description\" content=\"L\u2019id\u00e9al pour le client qui recherche le meilleur compromis qualit\u00e9 \/prix. La grande chambre \u00e0 lit double jouit d\u2019une ambiance chaleureuse et dot\u00e9e de tout confort\" \/>\n<meta property=\"og:url\" content=\"https:\/\/www.hotelmiramonticorvara.it\/fr\/chambres\/chambre-double-classique\/\" \/>\n<meta property=\"og:site_name\" content=\"Hotel Miramonti Corvara\" \/>\n<meta property=\"article:modified_time\" content=\"2023-07-30T08:07:05+00:00\" \/>\n<meta name=\"twitter:card\" content=\"summary_large_image\" \/>\n<meta name=\"twitter:label1\" content=\"Dur\u00e9e de lecture estim\u00e9e\" \/>\n\t<meta name=\"twitter:data1\" content=\"1 minute\" \/>\n<script type=\"application\/ld+json\" class=\"yoast-schema-graph\">{\"@context\":\"https:\/\/schema.org\",\"@graph\":[{\"@type\":\"WebPage\",\"@id\":\"https:\/\/www.hotelmiramonticorvara.it\/fr\/chambres\/chambre-double-classique\/\",\"url\":\"https:\/\/www.hotelmiramonticorvara.it\/fr\/chambres\/chambre-double-classique\/\",\"name\":\"Chambre Double Classique - Hotel Miramonti Corvara -\",\"isPartOf\":{\"@id\":\"https:\/\/www.hotelmiramonticorvara.it\/fr\/#website\"},\"datePublished\":\"2021-06-21T12:53:55+00:00\",\"dateModified\":\"2023-07-30T08:07:05+00:00\",\"description\":\"L\u2019id\u00e9al pour le client qui recherche le meilleur compromis qualit\u00e9 \/prix. La grande chambre \u00e0 lit double jouit d\u2019une ambiance chaleureuse et dot\u00e9e de tout confort\",\"breadcrumb\":{\"@id\":\"https:\/\/www.hotelmiramonticorvara.it\/fr\/chambres\/chambre-double-classique\/#breadcrumb\"},\"inLanguage\":\"fr-FR\",\"potentialAction\":[{\"@type\":\"ReadAction\",\"target\":[\"https:\/\/www.hotelmiramonticorvara.it\/fr\/chambres\/chambre-double-classique\/\"]}]},{\"@type\":\"BreadcrumbList\",\"@id\":\"https:\/\/www.hotelmiramonticorvara.it\/fr\/chambres\/chambre-double-classique\/#breadcrumb\",\"itemListElement\":[{\"@type\":\"ListItem\",\"position\":1,\"name\":\"Home\",\"item\":\"https:\/\/www.hotelmiramonticorvara.it\/fr\/\"},{\"@type\":\"ListItem\",\"position\":2,\"name\":\"Chambres\",\"item\":\"https:\/\/www.hotelmiramonticorvara.it\/fr\/chambres\/\"},{\"@type\":\"ListItem\",\"position\":3,\"name\":\"Chambre Double Classique\"}]},{\"@type\":\"WebSite\",\"@id\":\"https:\/\/www.hotelmiramonticorvara.it\/fr\/#website\",\"url\":\"https:\/\/www.hotelmiramonticorvara.it\/fr\/\",\"name\":\"Hotel Miramonti Corvara\",\"description\":\"Just another ms.decms.eu site\",\"potentialAction\":[{\"@type\":\"SearchAction\",\"target\":{\"@type\":\"EntryPoint\",\"urlTemplate\":\"https:\/\/www.hotelmiramonticorvara.it\/fr\/?s={search_term_string}\"},\"query-input\":{\"@type\":\"PropertyValueSpecification\",\"valueRequired\":true,\"valueName\":\"search_term_string\"}}],\"inLanguage\":\"fr-FR\"}]}<\/script>\n<!-- \/ Yoast SEO plugin. -->","yoast_head_json":{"title":"Chambre Double Classique - Hotel Miramonti Corvara -","description":"L\u2019id\u00e9al pour le client qui recherche le meilleur compromis qualit\u00e9 \/prix. La grande chambre \u00e0 lit double jouit d\u2019une ambiance chaleureuse et dot\u00e9e de tout confort","robots":{"index":"noindex","follow":"follow"},"og_locale":"fr_FR","og_type":"article","og_title":"Chambre Double Classique - Hotel Miramonti Corvara -","og_description":"L\u2019id\u00e9al pour le client qui recherche le meilleur compromis qualit\u00e9 \/prix. La grande chambre \u00e0 lit double jouit d\u2019une ambiance chaleureuse et dot\u00e9e de tout confort","og_url":"https:\/\/www.hotelmiramonticorvara.it\/fr\/chambres\/chambre-double-classique\/","og_site_name":"Hotel Miramonti Corvara","article_modified_time":"2023-07-30T08:07:05+00:00","twitter_card":"summary_large_image","twitter_misc":{"Dur\u00e9e de lecture estim\u00e9e":"1 minute"},"schema":{"@context":"https:\/\/schema.org","@graph":[{"@type":"WebPage","@id":"https:\/\/www.hotelmiramonticorvara.it\/fr\/chambres\/chambre-double-classique\/","url":"https:\/\/www.hotelmiramonticorvara.it\/fr\/chambres\/chambre-double-classique\/","name":"Chambre Double Classique - Hotel Miramonti Corvara -","isPartOf":{"@id":"https:\/\/www.hotelmiramonticorvara.it\/fr\/#website"},"datePublished":"2021-06-21T12:53:55+00:00","dateModified":"2023-07-30T08:07:05+00:00","description":"L\u2019id\u00e9al pour le client qui recherche le meilleur compromis qualit\u00e9 \/prix. La grande chambre \u00e0 lit double jouit d\u2019une ambiance chaleureuse et dot\u00e9e de tout confort","breadcrumb":{"@id":"https:\/\/www.hotelmiramonticorvara.it\/fr\/chambres\/chambre-double-classique\/#breadcrumb"},"inLanguage":"fr-FR","potentialAction":[{"@type":"ReadAction","target":["https:\/\/www.hotelmiramonticorvara.it\/fr\/chambres\/chambre-double-classique\/"]}]},{"@type":"BreadcrumbList","@id":"https:\/\/www.hotelmiramonticorvara.it\/fr\/chambres\/chambre-double-classique\/#breadcrumb","itemListElement":[{"@type":"ListItem","position":1,"name":"Home","item":"https:\/\/www.hotelmiramonticorvara.it\/fr\/"},{"@type":"ListItem","position":2,"name":"Chambres","item":"https:\/\/www.hotelmiramonticorvara.it\/fr\/chambres\/"},{"@type":"ListItem","position":3,"name":"Chambre Double Classique"}]},{"@type":"WebSite","@id":"https:\/\/www.hotelmiramonticorvara.it\/fr\/#website","url":"https:\/\/www.hotelmiramonticorvara.it\/fr\/","name":"Hotel Miramonti Corvara","description":"Just another ms.decms.eu site","potentialAction":[{"@type":"SearchAction","target":{"@type":"EntryPoint","urlTemplate":"https:\/\/www.hotelmiramonticorvara.it\/fr\/?s={search_term_string}"},"query-input":{"@type":"PropertyValueSpecification","valueRequired":true,"valueName":"search_term_string"}}],"inLanguage":"fr-FR"}]}},"acf":[],"_links":{"self":[{"href":"https:\/\/www.hotelmiramonticorvara.it\/fr\/wp-json\/wp\/v2\/pages\/82","targetHints":{"allow":["GET"]}}],"collection":[{"href":"https:\/\/www.hotelmiramonticorvara.it\/fr\/wp-json\/wp\/v2\/pages"}],"about":[{"href":"https:\/\/www.hotelmiramonticorvara.it\/fr\/wp-json\/wp\/v2\/types\/page"}],"author":[{"embeddable":true,"href":"https:\/\/www.hotelmiramonticorvara.it\/fr\/wp-json\/wp\/v2\/users\/36"}],"replies":[{"embeddable":true,"href":"https:\/\/www.hotelmiramonticorvara.it\/fr\/wp-json\/wp\/v2\/comments?post=82"}],"version-history":[{"count":0,"href":"https:\/\/www.hotelmiramonticorvara.it\/fr\/wp-json\/wp\/v2\/pages\/82\/revisions"}],"up":[{"embeddable":true,"href":"https:\/\/www.hotelmiramonticorvara.it\/fr\/wp-json\/wp\/v2\/pages\/56"}],"wp:attachment":[{"href":"https:\/\/www.hotelmiramonticorvara.it\/fr\/wp-json\/wp\/v2\/media?parent=82"}],"curies":[{"name":"wp","href":"https:\/\/api.w.org\/{rel}","templated":true}]}}