{"id":413,"date":"2021-06-25T08:58:50","date_gmt":"2021-06-25T08:58:50","guid":{"rendered":"https:\/\/hotel-miramonti.ms.decms.eu\/?page_id=413"},"modified":"2023-03-24T17:46:54","modified_gmt":"2023-03-24T17:46:54","slug":"pourquoi-reserver-avec-nous","status":"publish","type":"page","link":"https:\/\/www.hotelmiramonticorvara.it\/fr\/pourquoi-reserver-avec-nous\/","title":{"rendered":"Pourquoi r\u00e9server avec nous"},"content":{"rendered":"<p><strong>Drink de bienvenue \u00e0 l\u2019arriv\u00e9e<\/strong><\/p>\n<p><strong>1) Holipay &amp; Klarna, payez en 3 versements pratiques sans int\u00e9r\u00eat<\/strong><\/p>\n<p>Holipay &amp; Klarna est un moyen de paiement innovant qui vous permet de r\u00e9server directement sur notre site officiel et de r\u00e9gler votre s\u00e9jour en trois versements pratiques du m\u00eame montant et sur une base mensuelle, sans avoir \u00e0 fournir de justificatifs, sans int\u00e9r\u00eats sur l&rsquo;acompte, ni frais suppl\u00e9mentaires. frais. Il est possible d&rsquo;utiliser des cartes de cr\u00e9dit at des cartes de d\u00e9bit.<\/p>\n<p><strong>2) Aucun interm\u00e9diaire\u00a0<\/strong><br \/>\nEn r\u00e9servant directement sur notre site officiel www.hotelmiramonticorvara.it vous n\u2019aurez aucun frais d\u2019interm\u00e9diation, parce que votre interlocuteur est unique et clair: l\u2019H\u00f4tel Miramonti Corvara r\u00e9server, modifier ou annuler une r\u00e9servation sera facile et imm\u00e9diat. Aucune commission en ajout, aucun interm\u00e9diaire \u00e0 payer et la gestion du dossier devient simple et imm\u00e9diate.<\/p>\n<p><strong>3) Garantie du prix le plus bas<\/strong><br \/>\nEn r\u00e9servant directement sur notre site officiel vous avez toujours le tarif le meilleur \u00e0 votre disposition avec une garantie\u00a0! En effet, si vous trouvez sur d\u2019autres sites Internet dans les 24 heures \u00e0 partir de la r\u00e9servation un prix plu bas aux m\u00eames conditions d\u2019achat, nous y alignerons notre tarif, mais en plus nous appliquerons une remise suppl\u00e9mentaire de 5%. D\u00e9couvrez tout sur la couverture du meilleur prix garanti.<\/p>\n<p><strong>4) Les meilleures conditions de payement\u00a0<\/strong><br \/>\nEn r\u00e9servant directement sur notre site officiel, on vous demandera votre carte di cr\u00e9dit uniquement comme garantie de la r\u00e9servation, on ne pr\u00e9l\u00e8vera aucune somme d\u2019argent. En outre si vous n\u2019avez pas de carte de cr\u00e9dit, vous pouvez r\u00e9server par virement bancaire.<\/p>\n<p><strong>5) Annulation gratuite\u00a0<\/strong><br \/>\nEn r\u00e9servant directement sur notre site officiel, vous aurez un syst\u00e8me d\u2019annulation imbattable par rapport aux autres canaux. Vous pourrez annuler ou modifier votre r\u00e9servation jusqu\u2019\u00e0 48 heures avant l\u2019arriv\u00e9e sans aucune p\u00e9nalit\u00e9.<\/p>\n<p><strong>6) Upgrade Garanti\u00a0<\/strong><br \/>\nEn r\u00e9servant directement sur notre site officiel vous aurez toujours l\u2019upgrade garanti (selon disponibilit\u00e9). Si au moment du Check-in une chambre de la cat\u00e9gorie sup\u00e9rieure est disponible, elle vous sera offerte sans frais suppl\u00e9mentaires.<\/p>\n<p><strong>7) Late Check-Out<\/strong><br \/>\nEn r\u00e9servant directement sur notre site officiel, vous aurez la possibilit\u00e9 de quitter la chambre apr\u00e8s 10.00 heures et pr\u00e9cis\u00e9ment \u00e0 12.00 heures (selon disponibilit\u00e9 \u00e0 v\u00e9rifier le matin du check-out). En plus vous aurez la possibilit\u00e9 de laisser vos valises dans notre d\u00e9p\u00f4t.<\/p>\n<p><strong>8) Un contact direct, personnalis\u00e9 et imm\u00e9diat avec la structure<\/strong><br \/>\nVoici le site officiel de l\u2019H\u00f4tel Miramonti: toutes les r\u00e9servations sont confirm\u00e9es imm\u00e9diatement, en r\u00e9servant directement chez nous, nous \u00e9valuerons votre demande pour r\u00e9aliser une offre sur mesure, et en plus vous recevrez d\u2019autres informations qui vous diront comment nous rejoindre et ce qu\u2019il y a \u00e0 faire \u00e0 Corvara.<\/p>\n<p><strong>9) Qualit\u00e9 du service assur\u00e9 et conseils sur mesure<\/strong><br \/>\nNous garantissons la qualit\u00e9 au moyen d\u2019une s\u00e9lection soign\u00e9e et d\u2019un contr\u00f4le du personnel, le staff des collaborateurs de l\u2019H\u00f4tel Miramonti qui op\u00e8rent directement \u00e0 Corvara, connaissent parfaitement le lieu et pourront vous sugg\u00e9rer ce qu\u2019il y a de mieux \u00e0 faire et \u00e0 voir, pour organiser une excursion ou pour participer \u00e0 un \u00e9v\u00e8nement sp\u00e9cial et pour satisfaire toutes vos exigences. On prendra soin de vous \u00e0 tout moment. R\u00e9server chez nous veut donc dire avoir beaucoup de conseils utiles \u00e0 satisfaire et \u00e0 r\u00e9aliser l\u2019id\u00e9e que vous avez de vos vacances.<\/p>\n<p><strong>10) Transparence<\/strong><br \/>\nVotre r\u00e9servation est s\u00fbre et la qualit\u00e9 promise est garantie pendant votre s\u00e9jour. Chaque image et chaque description de notre site officiel www.hotelmiramonticorvara.it est authentique: la transparence chez nous est \u00e0 la premi\u00e8re place. Jamais de descriptions fictives et jamais de promesses non maintenues. En outre vous aurez la possibilit\u00e9 de v\u00e9rifier \u00e0 tout moment la confirmation de votre r\u00e9servation.<\/p>\n<p><strong>11) Promotions et Avantages\u00a0<\/strong><br \/>\nEn r\u00e9servant directement sur notre site officiel, vous pourrez trouver des offres sp\u00e9ciales et exclusives. En plus vous aurez l\u2019occasion de b\u00e9n\u00e9ficier de remises particuli\u00e8res et r\u00e9serv\u00e9es, et aussi de propositions \u00abpens\u00e9es et r\u00e9alis\u00e9es \u00e0 votre mesure;\u00bb.<\/p>\n<p><strong>12) WI-Fi gratuit<\/strong><br \/>\nEn r\u00e9servant directement sur notre site officiel, vous aurez l\u2019occasion de b\u00e9n\u00e9ficier de nos services de connexion au r\u00e9seau Internet, gratuitement et de fa\u00e7on illimit\u00e9e, dans le hall de l&rsquo;h\u00f4tel. Votre Smartphone et votre Notebook seront donc toujours connect\u00e9s \u00e0 Internet<\/p>\n<p><strong>13) S\u00e9curit\u00e9 de vos codes<\/strong><br \/>\nToutes les informations enregistr\u00e9es sur notre site officiel et les donn\u00e9es de votre carte de cr\u00e9dit sont prot\u00e9g\u00e9es, s\u00fbres et inaccessibles \u00e0 d\u2019autres personnes. \u00ab Thawte SSL web secure server certificate authority \u00bb garantit que le site www.hotelmiramonticorvara.it transmet les donn\u00e9es en toute s\u00e9curit\u00e9.<\/p>\n<p>&nbsp;<\/p>\n","protected":false},"excerpt":{"rendered":"<p>Drink de bienvenue \u00e0 l\u2019arriv\u00e9e 1) Holipay &amp; Klarna, payez en 3 versements pratiques sans int\u00e9r\u00eat Holipay &amp; Klarna est un moyen de paiement innovant qui vous permet de r\u00e9server directement sur notre site officiel et de r\u00e9gler votre s\u00e9jour en trois versements pratiques du m\u00eame montant et sur une base mensuelle, sans avoir \u00e0 [&hellip;]<\/p>\n","protected":false},"author":36,"featured_media":0,"parent":0,"menu_order":200,"comment_status":"closed","ping_status":"closed","template":"","meta":{"footnotes":""},"class_list":["post-413","page","type-page","status-publish","hentry"],"yoast_head":"<!-- This site is optimized with the Yoast SEO plugin v26.9 - https:\/\/yoast.com\/product\/yoast-seo-wordpress\/ -->\n<title>Pourquoi r\u00e9server avec nous - Hotel Miramonti Corvara -<\/title>\n<meta name=\"description\" content=\"Drink de bienvenue \u00e0 l\u2019arriv\u00e9e  1) Holipay &amp; Klarna, payez en 3 versements pratiques sans int\u00e9r\u00eat  Holipay &amp; Klarna est un moyen de paiement innovant qui vous permet de r\u00e9server directement sur notre site officiel et de r\u00e9gler votre s\u00e9jour en trois versements pratiques du m\u00eame montant et sur une base mensuelle, sans avoir \u00e0 fournir de justificatifs, sans int\u00e9r\u00eats sur l&#039;acompte, ni frais suppl\u00e9mentaires. frais\" \/>\n<meta name=\"robots\" content=\"noindex, follow\" \/>\n<meta property=\"og:locale\" content=\"fr_FR\" \/>\n<meta property=\"og:type\" content=\"article\" \/>\n<meta property=\"og:title\" content=\"Pourquoi r\u00e9server avec nous - Hotel Miramonti Corvara -\" \/>\n<meta property=\"og:description\" content=\"Drink de bienvenue \u00e0 l\u2019arriv\u00e9e  1) Holipay &amp; Klarna, payez en 3 versements pratiques sans int\u00e9r\u00eat  Holipay &amp; Klarna est un moyen de paiement innovant qui vous permet de r\u00e9server directement sur notre site officiel et de r\u00e9gler votre s\u00e9jour en trois versements pratiques du m\u00eame montant et sur une base mensuelle, sans avoir \u00e0 fournir de justificatifs, sans int\u00e9r\u00eats sur l&#039;acompte, ni frais suppl\u00e9mentaires. frais\" \/>\n<meta property=\"og:url\" content=\"https:\/\/www.hotelmiramonticorvara.it\/fr\/pourquoi-reserver-avec-nous\/\" \/>\n<meta property=\"og:site_name\" content=\"Hotel Miramonti Corvara\" \/>\n<meta property=\"article:modified_time\" content=\"2023-03-24T17:46:54+00:00\" \/>\n<meta name=\"twitter:card\" content=\"summary_large_image\" \/>\n<meta name=\"twitter:label1\" content=\"Dur\u00e9e de lecture estim\u00e9e\" \/>\n\t<meta name=\"twitter:data1\" content=\"4 minutes\" \/>\n<script type=\"application\/ld+json\" class=\"yoast-schema-graph\">{\"@context\":\"https:\/\/schema.org\",\"@graph\":[{\"@type\":\"WebPage\",\"@id\":\"https:\/\/www.hotelmiramonticorvara.it\/fr\/pourquoi-reserver-avec-nous\/\",\"url\":\"https:\/\/www.hotelmiramonticorvara.it\/fr\/pourquoi-reserver-avec-nous\/\",\"name\":\"Pourquoi r\u00e9server avec nous - Hotel Miramonti Corvara -\",\"isPartOf\":{\"@id\":\"https:\/\/www.hotelmiramonticorvara.it\/fr\/#website\"},\"datePublished\":\"2021-06-25T08:58:50+00:00\",\"dateModified\":\"2023-03-24T17:46:54+00:00\",\"description\":\"Drink de bienvenue \u00e0 l\u2019arriv\u00e9e 1) Holipay &amp; Klarna, payez en 3 versements pratiques sans int\u00e9r\u00eat Holipay &amp; Klarna est un moyen de paiement innovant qui vous permet de r\u00e9server directement sur notre site officiel et de r\u00e9gler votre s\u00e9jour en trois versements pratiques du m\u00eame montant et sur une base mensuelle, sans avoir \u00e0 fournir de justificatifs, sans int\u00e9r\u00eats sur l'acompte, ni frais suppl\u00e9mentaires. frais\",\"breadcrumb\":{\"@id\":\"https:\/\/www.hotelmiramonticorvara.it\/fr\/pourquoi-reserver-avec-nous\/#breadcrumb\"},\"inLanguage\":\"fr-FR\",\"potentialAction\":[{\"@type\":\"ReadAction\",\"target\":[\"https:\/\/www.hotelmiramonticorvara.it\/fr\/pourquoi-reserver-avec-nous\/\"]}]},{\"@type\":\"BreadcrumbList\",\"@id\":\"https:\/\/www.hotelmiramonticorvara.it\/fr\/pourquoi-reserver-avec-nous\/#breadcrumb\",\"itemListElement\":[{\"@type\":\"ListItem\",\"position\":1,\"name\":\"Home\",\"item\":\"https:\/\/www.hotelmiramonticorvara.it\/fr\/\"},{\"@type\":\"ListItem\",\"position\":2,\"name\":\"Pourquoi r\u00e9server avec nous\"}]},{\"@type\":\"WebSite\",\"@id\":\"https:\/\/www.hotelmiramonticorvara.it\/fr\/#website\",\"url\":\"https:\/\/www.hotelmiramonticorvara.it\/fr\/\",\"name\":\"Hotel Miramonti Corvara\",\"description\":\"Just another ms.decms.eu site\",\"potentialAction\":[{\"@type\":\"SearchAction\",\"target\":{\"@type\":\"EntryPoint\",\"urlTemplate\":\"https:\/\/www.hotelmiramonticorvara.it\/fr\/?s={search_term_string}\"},\"query-input\":{\"@type\":\"PropertyValueSpecification\",\"valueRequired\":true,\"valueName\":\"search_term_string\"}}],\"inLanguage\":\"fr-FR\"}]}<\/script>\n<!-- \/ Yoast SEO plugin. -->","yoast_head_json":{"title":"Pourquoi r\u00e9server avec nous - Hotel Miramonti Corvara -","description":"Drink de bienvenue \u00e0 l\u2019arriv\u00e9e  1) Holipay &amp; Klarna, payez en 3 versements pratiques sans int\u00e9r\u00eat  Holipay &amp; Klarna est un moyen de paiement innovant qui vous permet de r\u00e9server directement sur notre site officiel et de r\u00e9gler votre s\u00e9jour en trois versements pratiques du m\u00eame montant et sur une base mensuelle, sans avoir \u00e0 fournir de justificatifs, sans int\u00e9r\u00eats sur l'acompte, ni frais suppl\u00e9mentaires. frais","robots":{"index":"noindex","follow":"follow"},"og_locale":"fr_FR","og_type":"article","og_title":"Pourquoi r\u00e9server avec nous - Hotel Miramonti Corvara -","og_description":"Drink de bienvenue \u00e0 l\u2019arriv\u00e9e  1) Holipay &amp; Klarna, payez en 3 versements pratiques sans int\u00e9r\u00eat  Holipay &amp; Klarna est un moyen de paiement innovant qui vous permet de r\u00e9server directement sur notre site officiel et de r\u00e9gler votre s\u00e9jour en trois versements pratiques du m\u00eame montant et sur une base mensuelle, sans avoir \u00e0 fournir de justificatifs, sans int\u00e9r\u00eats sur l'acompte, ni frais suppl\u00e9mentaires. frais","og_url":"https:\/\/www.hotelmiramonticorvara.it\/fr\/pourquoi-reserver-avec-nous\/","og_site_name":"Hotel Miramonti Corvara","article_modified_time":"2023-03-24T17:46:54+00:00","twitter_card":"summary_large_image","twitter_misc":{"Dur\u00e9e de lecture estim\u00e9e":"4 minutes"},"schema":{"@context":"https:\/\/schema.org","@graph":[{"@type":"WebPage","@id":"https:\/\/www.hotelmiramonticorvara.it\/fr\/pourquoi-reserver-avec-nous\/","url":"https:\/\/www.hotelmiramonticorvara.it\/fr\/pourquoi-reserver-avec-nous\/","name":"Pourquoi r\u00e9server avec nous - Hotel Miramonti Corvara -","isPartOf":{"@id":"https:\/\/www.hotelmiramonticorvara.it\/fr\/#website"},"datePublished":"2021-06-25T08:58:50+00:00","dateModified":"2023-03-24T17:46:54+00:00","description":"Drink de bienvenue \u00e0 l\u2019arriv\u00e9e 1) Holipay &amp; Klarna, payez en 3 versements pratiques sans int\u00e9r\u00eat Holipay &amp; Klarna est un moyen de paiement innovant qui vous permet de r\u00e9server directement sur notre site officiel et de r\u00e9gler votre s\u00e9jour en trois versements pratiques du m\u00eame montant et sur une base mensuelle, sans avoir \u00e0 fournir de justificatifs, sans int\u00e9r\u00eats sur l'acompte, ni frais suppl\u00e9mentaires. frais","breadcrumb":{"@id":"https:\/\/www.hotelmiramonticorvara.it\/fr\/pourquoi-reserver-avec-nous\/#breadcrumb"},"inLanguage":"fr-FR","potentialAction":[{"@type":"ReadAction","target":["https:\/\/www.hotelmiramonticorvara.it\/fr\/pourquoi-reserver-avec-nous\/"]}]},{"@type":"BreadcrumbList","@id":"https:\/\/www.hotelmiramonticorvara.it\/fr\/pourquoi-reserver-avec-nous\/#breadcrumb","itemListElement":[{"@type":"ListItem","position":1,"name":"Home","item":"https:\/\/www.hotelmiramonticorvara.it\/fr\/"},{"@type":"ListItem","position":2,"name":"Pourquoi r\u00e9server avec nous"}]},{"@type":"WebSite","@id":"https:\/\/www.hotelmiramonticorvara.it\/fr\/#website","url":"https:\/\/www.hotelmiramonticorvara.it\/fr\/","name":"Hotel Miramonti Corvara","description":"Just another ms.decms.eu site","potentialAction":[{"@type":"SearchAction","target":{"@type":"EntryPoint","urlTemplate":"https:\/\/www.hotelmiramonticorvara.it\/fr\/?s={search_term_string}"},"query-input":{"@type":"PropertyValueSpecification","valueRequired":true,"valueName":"search_term_string"}}],"inLanguage":"fr-FR"}]}},"acf":[],"_links":{"self":[{"href":"https:\/\/www.hotelmiramonticorvara.it\/fr\/wp-json\/wp\/v2\/pages\/413","targetHints":{"allow":["GET"]}}],"collection":[{"href":"https:\/\/www.hotelmiramonticorvara.it\/fr\/wp-json\/wp\/v2\/pages"}],"about":[{"href":"https:\/\/www.hotelmiramonticorvara.it\/fr\/wp-json\/wp\/v2\/types\/page"}],"author":[{"embeddable":true,"href":"https:\/\/www.hotelmiramonticorvara.it\/fr\/wp-json\/wp\/v2\/users\/36"}],"replies":[{"embeddable":true,"href":"https:\/\/www.hotelmiramonticorvara.it\/fr\/wp-json\/wp\/v2\/comments?post=413"}],"version-history":[{"count":0,"href":"https:\/\/www.hotelmiramonticorvara.it\/fr\/wp-json\/wp\/v2\/pages\/413\/revisions"}],"wp:attachment":[{"href":"https:\/\/www.hotelmiramonticorvara.it\/fr\/wp-json\/wp\/v2\/media?parent=413"}],"curies":[{"name":"wp","href":"https:\/\/api.w.org\/{rel}","templated":true}]}}