{"id":180,"date":"2021-06-23T13:48:33","date_gmt":"2021-06-23T13:48:33","guid":{"rendered":"https:\/\/hotel-miramonti.ms.decms.eu\/?page_id=180"},"modified":"2023-07-30T07:58:20","modified_gmt":"2023-07-30T07:58:20","slug":"chambre-quadruple-confort-familiale","status":"publish","type":"page","link":"https:\/\/www.hotelmiramonticorvara.it\/fr\/chambres\/chambre-quadruple-confort-familiale\/","title":{"rendered":"Chambre Quadruple Confort\/ Familiale"},"content":{"rendered":"<p style=\"text-align: center\">Pour les familles avec enfants, ce type de chambre est la solution id\u00e9ale<\/p>\n<p style=\"text-align: center\">Les espaces sont vastes et parfaits pour accueillir plus de personnes en toute libert\u00e9. Le salon et la chambre sont s\u00e9par\u00e9s.<\/p>\n<p style=\"text-align: center\">La vue (partielle ou compl\u00e8te) sur la ville ou les montagnes et l&rsquo;environnement extr\u00eamement chaleureux et accueillant avec des meubles en bois et des d\u00e9corations typiques de traction rendent le s\u00e9jour de chacun confortable et agr\u00e9able.<\/p>\n<p style=\"text-align: center\">CANAP\u00c9S-LITS<br \/>\nCHIENS ET ANIMAUX DE PETITE TAILLE ADMIS<br \/>\nSOL EN MARBRE OU CARREAUX DE SOL<br \/>\nTAPIS DE SOL DE LA CHAMBRE \u00c0 COUCHER<br \/>\nLARGE VUE PANORAMIQUE (Corvara \/ Groupe de Montagne)<\/p>\n<p style=\"text-align: center\"><strong>Occupation maximale pour 4 personnes \/ 25 m\u00b2<\/strong><\/p>\n","protected":false},"excerpt":{"rendered":"<p>Pour les familles avec enfants, ce type de chambre est la solution id\u00e9ale Les espaces sont vastes et parfaits pour accueillir plus de personnes en toute libert\u00e9. Le salon et la chambre sont s\u00e9par\u00e9s. La vue (partielle ou compl\u00e8te) sur la ville ou les montagnes et l&rsquo;environnement extr\u00eamement chaleureux et accueillant avec des meubles en [&hellip;]<\/p>\n","protected":false},"author":36,"featured_media":0,"parent":56,"menu_order":40,"comment_status":"closed","ping_status":"closed","template":"template-single-room.php","meta":{"footnotes":""},"class_list":["post-180","page","type-page","status-publish","hentry"],"yoast_head":"<!-- This site is optimized with the Yoast SEO plugin v26.9 - https:\/\/yoast.com\/product\/yoast-seo-wordpress\/ -->\n<title>Chambre Quadruple Confort\/ Familiale - Hotel Miramonti Corvara -<\/title>\n<meta name=\"description\" content=\"Pour les familles avec enfants, ce type de chambre est la solution id\u00e9ale Les espaces sont vastes et parfaits pour accueillir plus de personnes en toute libert\u00e9. Le salon et la chambre sont s\u00e9par\u00e9s. La vue (partielle ou compl\u00e8te) sur la ville ou les montagnes et l&#039;environnement extr\u00eamement chaleureux et accueillant avec des meubles en bois et des d\u00e9corations typiques de traction rendent le s\u00e9jour de chacun confortable et agr\u00e9able. CANAP\u00c9S-LITS CHIENS ET ANIMAUX DE PETITE TAILLE ADMIS SOL EN MARBRE OU CARREAUX DE SOL TAPIS DE SOL DE LA CHAMBRE \u00c0 COUCHER LARGE VUE PANORAMIQUE (Corvara \/ Groupe de Montagne) Occupation maximale pour 4 personnes \/ 25 m\u00b2\" \/>\n<meta name=\"robots\" content=\"noindex, follow\" \/>\n<meta property=\"og:locale\" content=\"fr_FR\" \/>\n<meta property=\"og:type\" content=\"article\" \/>\n<meta property=\"og:title\" content=\"Chambre Quadruple Confort\/ Familiale - Hotel Miramonti Corvara -\" \/>\n<meta property=\"og:description\" content=\"Pour les familles avec enfants, ce type de chambre est la solution id\u00e9ale Les espaces sont vastes et parfaits pour accueillir plus de personnes en toute libert\u00e9. Le salon et la chambre sont s\u00e9par\u00e9s. La vue (partielle ou compl\u00e8te) sur la ville ou les montagnes et l&#039;environnement extr\u00eamement chaleureux et accueillant avec des meubles en bois et des d\u00e9corations typiques de traction rendent le s\u00e9jour de chacun confortable et agr\u00e9able. CANAP\u00c9S-LITS CHIENS ET ANIMAUX DE PETITE TAILLE ADMIS SOL EN MARBRE OU CARREAUX DE SOL TAPIS DE SOL DE LA CHAMBRE \u00c0 COUCHER LARGE VUE PANORAMIQUE (Corvara \/ Groupe de Montagne) Occupation maximale pour 4 personnes \/ 25 m\u00b2\" \/>\n<meta property=\"og:url\" content=\"https:\/\/www.hotelmiramonticorvara.it\/fr\/chambres\/chambre-quadruple-confort-familiale\/\" \/>\n<meta property=\"og:site_name\" content=\"Hotel Miramonti Corvara\" \/>\n<meta property=\"article:modified_time\" content=\"2023-07-30T07:58:20+00:00\" \/>\n<meta name=\"twitter:card\" content=\"summary_large_image\" \/>\n<meta name=\"twitter:label1\" content=\"Dur\u00e9e de lecture estim\u00e9e\" \/>\n\t<meta name=\"twitter:data1\" content=\"1 minute\" \/>\n<script type=\"application\/ld+json\" class=\"yoast-schema-graph\">{\"@context\":\"https:\/\/schema.org\",\"@graph\":[{\"@type\":\"WebPage\",\"@id\":\"https:\/\/www.hotelmiramonticorvara.it\/fr\/chambres\/chambre-quadruple-confort-familiale\/\",\"url\":\"https:\/\/www.hotelmiramonticorvara.it\/fr\/chambres\/chambre-quadruple-confort-familiale\/\",\"name\":\"Chambre Quadruple Confort\/ Familiale - Hotel Miramonti Corvara -\",\"isPartOf\":{\"@id\":\"https:\/\/www.hotelmiramonticorvara.it\/fr\/#website\"},\"datePublished\":\"2021-06-23T13:48:33+00:00\",\"dateModified\":\"2023-07-30T07:58:20+00:00\",\"description\":\"Pour les familles avec enfants, ce type de chambre est la solution id\u00e9ale Les espaces sont vastes et parfaits pour accueillir plus de personnes en toute libert\u00e9. Le salon et la chambre sont s\u00e9par\u00e9s. La vue (partielle ou compl\u00e8te) sur la ville ou les montagnes et l'environnement extr\u00eamement chaleureux et accueillant avec des meubles en bois et des d\u00e9corations typiques de traction rendent le s\u00e9jour de chacun confortable et agr\u00e9able. CANAP\u00c9S-LITS CHIENS ET ANIMAUX DE PETITE TAILLE ADMIS SOL EN MARBRE OU CARREAUX DE SOL TAPIS DE SOL DE LA CHAMBRE \u00c0 COUCHER LARGE VUE PANORAMIQUE (Corvara \/ Groupe de Montagne) Occupation maximale pour 4 personnes \/ 25 m\u00b2\",\"breadcrumb\":{\"@id\":\"https:\/\/www.hotelmiramonticorvara.it\/fr\/chambres\/chambre-quadruple-confort-familiale\/#breadcrumb\"},\"inLanguage\":\"fr-FR\",\"potentialAction\":[{\"@type\":\"ReadAction\",\"target\":[\"https:\/\/www.hotelmiramonticorvara.it\/fr\/chambres\/chambre-quadruple-confort-familiale\/\"]}]},{\"@type\":\"BreadcrumbList\",\"@id\":\"https:\/\/www.hotelmiramonticorvara.it\/fr\/chambres\/chambre-quadruple-confort-familiale\/#breadcrumb\",\"itemListElement\":[{\"@type\":\"ListItem\",\"position\":1,\"name\":\"Home\",\"item\":\"https:\/\/www.hotelmiramonticorvara.it\/fr\/\"},{\"@type\":\"ListItem\",\"position\":2,\"name\":\"Chambres\",\"item\":\"https:\/\/www.hotelmiramonticorvara.it\/fr\/chambres\/\"},{\"@type\":\"ListItem\",\"position\":3,\"name\":\"Chambre Quadruple Confort\/ Familiale\"}]},{\"@type\":\"WebSite\",\"@id\":\"https:\/\/www.hotelmiramonticorvara.it\/fr\/#website\",\"url\":\"https:\/\/www.hotelmiramonticorvara.it\/fr\/\",\"name\":\"Hotel Miramonti Corvara\",\"description\":\"Just another ms.decms.eu site\",\"potentialAction\":[{\"@type\":\"SearchAction\",\"target\":{\"@type\":\"EntryPoint\",\"urlTemplate\":\"https:\/\/www.hotelmiramonticorvara.it\/fr\/?s={search_term_string}\"},\"query-input\":{\"@type\":\"PropertyValueSpecification\",\"valueRequired\":true,\"valueName\":\"search_term_string\"}}],\"inLanguage\":\"fr-FR\"}]}<\/script>\n<!-- \/ Yoast SEO plugin. -->","yoast_head_json":{"title":"Chambre Quadruple Confort\/ Familiale - Hotel Miramonti Corvara -","description":"Pour les familles avec enfants, ce type de chambre est la solution id\u00e9ale Les espaces sont vastes et parfaits pour accueillir plus de personnes en toute libert\u00e9. Le salon et la chambre sont s\u00e9par\u00e9s. La vue (partielle ou compl\u00e8te) sur la ville ou les montagnes et l'environnement extr\u00eamement chaleureux et accueillant avec des meubles en bois et des d\u00e9corations typiques de traction rendent le s\u00e9jour de chacun confortable et agr\u00e9able. CANAP\u00c9S-LITS CHIENS ET ANIMAUX DE PETITE TAILLE ADMIS SOL EN MARBRE OU CARREAUX DE SOL TAPIS DE SOL DE LA CHAMBRE \u00c0 COUCHER LARGE VUE PANORAMIQUE (Corvara \/ Groupe de Montagne) Occupation maximale pour 4 personnes \/ 25 m\u00b2","robots":{"index":"noindex","follow":"follow"},"og_locale":"fr_FR","og_type":"article","og_title":"Chambre Quadruple Confort\/ Familiale - Hotel Miramonti Corvara -","og_description":"Pour les familles avec enfants, ce type de chambre est la solution id\u00e9ale Les espaces sont vastes et parfaits pour accueillir plus de personnes en toute libert\u00e9. Le salon et la chambre sont s\u00e9par\u00e9s. La vue (partielle ou compl\u00e8te) sur la ville ou les montagnes et l'environnement extr\u00eamement chaleureux et accueillant avec des meubles en bois et des d\u00e9corations typiques de traction rendent le s\u00e9jour de chacun confortable et agr\u00e9able. CANAP\u00c9S-LITS CHIENS ET ANIMAUX DE PETITE TAILLE ADMIS SOL EN MARBRE OU CARREAUX DE SOL TAPIS DE SOL DE LA CHAMBRE \u00c0 COUCHER LARGE VUE PANORAMIQUE (Corvara \/ Groupe de Montagne) Occupation maximale pour 4 personnes \/ 25 m\u00b2","og_url":"https:\/\/www.hotelmiramonticorvara.it\/fr\/chambres\/chambre-quadruple-confort-familiale\/","og_site_name":"Hotel Miramonti Corvara","article_modified_time":"2023-07-30T07:58:20+00:00","twitter_card":"summary_large_image","twitter_misc":{"Dur\u00e9e de lecture estim\u00e9e":"1 minute"},"schema":{"@context":"https:\/\/schema.org","@graph":[{"@type":"WebPage","@id":"https:\/\/www.hotelmiramonticorvara.it\/fr\/chambres\/chambre-quadruple-confort-familiale\/","url":"https:\/\/www.hotelmiramonticorvara.it\/fr\/chambres\/chambre-quadruple-confort-familiale\/","name":"Chambre Quadruple Confort\/ Familiale - Hotel Miramonti Corvara -","isPartOf":{"@id":"https:\/\/www.hotelmiramonticorvara.it\/fr\/#website"},"datePublished":"2021-06-23T13:48:33+00:00","dateModified":"2023-07-30T07:58:20+00:00","description":"Pour les familles avec enfants, ce type de chambre est la solution id\u00e9ale Les espaces sont vastes et parfaits pour accueillir plus de personnes en toute libert\u00e9. Le salon et la chambre sont s\u00e9par\u00e9s. La vue (partielle ou compl\u00e8te) sur la ville ou les montagnes et l'environnement extr\u00eamement chaleureux et accueillant avec des meubles en bois et des d\u00e9corations typiques de traction rendent le s\u00e9jour de chacun confortable et agr\u00e9able. CANAP\u00c9S-LITS CHIENS ET ANIMAUX DE PETITE TAILLE ADMIS SOL EN MARBRE OU CARREAUX DE SOL TAPIS DE SOL DE LA CHAMBRE \u00c0 COUCHER LARGE VUE PANORAMIQUE (Corvara \/ Groupe de Montagne) Occupation maximale pour 4 personnes \/ 25 m\u00b2","breadcrumb":{"@id":"https:\/\/www.hotelmiramonticorvara.it\/fr\/chambres\/chambre-quadruple-confort-familiale\/#breadcrumb"},"inLanguage":"fr-FR","potentialAction":[{"@type":"ReadAction","target":["https:\/\/www.hotelmiramonticorvara.it\/fr\/chambres\/chambre-quadruple-confort-familiale\/"]}]},{"@type":"BreadcrumbList","@id":"https:\/\/www.hotelmiramonticorvara.it\/fr\/chambres\/chambre-quadruple-confort-familiale\/#breadcrumb","itemListElement":[{"@type":"ListItem","position":1,"name":"Home","item":"https:\/\/www.hotelmiramonticorvara.it\/fr\/"},{"@type":"ListItem","position":2,"name":"Chambres","item":"https:\/\/www.hotelmiramonticorvara.it\/fr\/chambres\/"},{"@type":"ListItem","position":3,"name":"Chambre Quadruple Confort\/ Familiale"}]},{"@type":"WebSite","@id":"https:\/\/www.hotelmiramonticorvara.it\/fr\/#website","url":"https:\/\/www.hotelmiramonticorvara.it\/fr\/","name":"Hotel Miramonti Corvara","description":"Just another ms.decms.eu site","potentialAction":[{"@type":"SearchAction","target":{"@type":"EntryPoint","urlTemplate":"https:\/\/www.hotelmiramonticorvara.it\/fr\/?s={search_term_string}"},"query-input":{"@type":"PropertyValueSpecification","valueRequired":true,"valueName":"search_term_string"}}],"inLanguage":"fr-FR"}]}},"acf":[],"_links":{"self":[{"href":"https:\/\/www.hotelmiramonticorvara.it\/fr\/wp-json\/wp\/v2\/pages\/180","targetHints":{"allow":["GET"]}}],"collection":[{"href":"https:\/\/www.hotelmiramonticorvara.it\/fr\/wp-json\/wp\/v2\/pages"}],"about":[{"href":"https:\/\/www.hotelmiramonticorvara.it\/fr\/wp-json\/wp\/v2\/types\/page"}],"author":[{"embeddable":true,"href":"https:\/\/www.hotelmiramonticorvara.it\/fr\/wp-json\/wp\/v2\/users\/36"}],"replies":[{"embeddable":true,"href":"https:\/\/www.hotelmiramonticorvara.it\/fr\/wp-json\/wp\/v2\/comments?post=180"}],"version-history":[{"count":0,"href":"https:\/\/www.hotelmiramonticorvara.it\/fr\/wp-json\/wp\/v2\/pages\/180\/revisions"}],"up":[{"embeddable":true,"href":"https:\/\/www.hotelmiramonticorvara.it\/fr\/wp-json\/wp\/v2\/pages\/56"}],"wp:attachment":[{"href":"https:\/\/www.hotelmiramonticorvara.it\/fr\/wp-json\/wp\/v2\/media?parent=180"}],"curies":[{"name":"wp","href":"https:\/\/api.w.org\/{rel}","templated":true}]}}