{"id":138,"date":"2021-06-23T07:48:39","date_gmt":"2021-06-23T07:48:39","guid":{"rendered":"https:\/\/hotel-miramonti.ms.decms.eu\/?page_id=138"},"modified":"2023-07-30T07:50:22","modified_gmt":"2023-07-30T07:50:22","slug":"chambre-triple-confort","status":"publish","type":"page","link":"https:\/\/www.hotelmiramonticorvara.it\/fr\/chambres\/chambre-triple-confort\/","title":{"rendered":"Chambre Triple Confort"},"content":{"rendered":"<p style=\"text-align: center\">\u00c9quip\u00e9e d&rsquo;un espace de vie avec une kitchenette confortable et un canap\u00e9-lit, une grande chambre et un mobilier traditionnel, la chambre triple confort est con\u00e7ue pour garantir un espace et un confort complets \u00e0 ceux qui aiment voyager \u00e0 trois.<\/p>\n<p style=\"text-align: center\">La vue int\u00e9rieure est une garantie d&rsquo;intimit\u00e9 absolue.<\/p>\n<p style=\"text-align: center\">CANAP\u00c9S-LITS<br \/>\nCHIENS ET ANIMAUX DE PETITE TAILLE ADMIS<br \/>\nSOL EN MARBRE OU CARREAUX DE SOL<\/p>\n<p style=\"text-align: center\">TAPIS DE SOL DE LA CHAMBRE \u00c0 COUCHER<br \/>\nLARGE VUE PANORAMIQUE (Corvara \/ Groupe de Montagne)<\/p>\n<p style=\"text-align: center\"><strong>Occupation maximale pour 3 personnes \/ 25 m\u00b2<\/strong><\/p>\n","protected":false},"excerpt":{"rendered":"<p>\u00c9quip\u00e9e d&rsquo;un espace de vie avec une kitchenette confortable et un canap\u00e9-lit, une grande chambre et un mobilier traditionnel, la chambre triple confort est con\u00e7ue pour garantir un espace et un confort complets \u00e0 ceux qui aiment voyager \u00e0 trois. La vue int\u00e9rieure est une garantie d&rsquo;intimit\u00e9 absolue. CANAP\u00c9S-LITS CHIENS ET ANIMAUX DE PETITE TAILLE [&hellip;]<\/p>\n","protected":false},"author":36,"featured_media":0,"parent":56,"menu_order":25,"comment_status":"closed","ping_status":"closed","template":"template-single-room.php","meta":{"footnotes":""},"class_list":["post-138","page","type-page","status-publish","hentry"],"yoast_head":"<!-- This site is optimized with the Yoast SEO plugin v26.9 - https:\/\/yoast.com\/product\/yoast-seo-wordpress\/ -->\n<title>Chambre Triple Confort - Hotel Miramonti Corvara -<\/title>\n<meta name=\"description\" content=\"\u00c9quip\u00e9e d&#039;un espace de vie avec une kitchenette confortable et un canap\u00e9-lit, une grande chambre et un mobilier traditionnel, la chambre triple confort est con\u00e7ue pour garantir un espace et un confort complets \u00e0 ceux qui aiment voyager \u00e0 trois. La vue int\u00e9rieure est une garantie d&#039;intimit\u00e9 absolue. CANAP\u00c9S-LITS CHIENS ET ANIMAUX DE PETITE TAILLE ADMIS SOL EN MARBRE OU CARREAUX DE SOL TAPIS DE SOL DE LA CHAMBRE \u00c0 COUCHER LARGE VUE PANORAMIQUE (Corvara \/ Groupe de Montagne) Occupation maximale pour 3 personnes \/ 25 m\u00b2.\" \/>\n<meta name=\"robots\" content=\"noindex, follow\" \/>\n<meta property=\"og:locale\" content=\"fr_FR\" \/>\n<meta property=\"og:type\" content=\"article\" \/>\n<meta property=\"og:title\" content=\"Chambre Triple Confort - Hotel Miramonti Corvara -\" \/>\n<meta property=\"og:description\" content=\"\u00c9quip\u00e9e d&#039;un espace de vie avec une kitchenette confortable et un canap\u00e9-lit, une grande chambre et un mobilier traditionnel, la chambre triple confort est con\u00e7ue pour garantir un espace et un confort complets \u00e0 ceux qui aiment voyager \u00e0 trois. La vue int\u00e9rieure est une garantie d&#039;intimit\u00e9 absolue. CANAP\u00c9S-LITS CHIENS ET ANIMAUX DE PETITE TAILLE ADMIS SOL EN MARBRE OU CARREAUX DE SOL TAPIS DE SOL DE LA CHAMBRE \u00c0 COUCHER LARGE VUE PANORAMIQUE (Corvara \/ Groupe de Montagne) Occupation maximale pour 3 personnes \/ 25 m\u00b2.\" \/>\n<meta property=\"og:url\" content=\"https:\/\/www.hotelmiramonticorvara.it\/fr\/chambres\/chambre-triple-confort\/\" \/>\n<meta property=\"og:site_name\" content=\"Hotel Miramonti Corvara\" \/>\n<meta property=\"article:modified_time\" content=\"2023-07-30T07:50:22+00:00\" \/>\n<meta name=\"twitter:card\" content=\"summary_large_image\" \/>\n<meta name=\"twitter:label1\" content=\"Dur\u00e9e de lecture estim\u00e9e\" \/>\n\t<meta name=\"twitter:data1\" content=\"1 minute\" \/>\n<script type=\"application\/ld+json\" class=\"yoast-schema-graph\">{\"@context\":\"https:\/\/schema.org\",\"@graph\":[{\"@type\":\"WebPage\",\"@id\":\"https:\/\/www.hotelmiramonticorvara.it\/fr\/chambres\/chambre-triple-confort\/\",\"url\":\"https:\/\/www.hotelmiramonticorvara.it\/fr\/chambres\/chambre-triple-confort\/\",\"name\":\"Chambre Triple Confort - Hotel Miramonti Corvara -\",\"isPartOf\":{\"@id\":\"https:\/\/www.hotelmiramonticorvara.it\/fr\/#website\"},\"datePublished\":\"2021-06-23T07:48:39+00:00\",\"dateModified\":\"2023-07-30T07:50:22+00:00\",\"description\":\"\u00c9quip\u00e9e d'un espace de vie avec une kitchenette confortable et un canap\u00e9-lit, une grande chambre et un mobilier traditionnel, la chambre triple confort est con\u00e7ue pour garantir un espace et un confort complets \u00e0 ceux qui aiment voyager \u00e0 trois. La vue int\u00e9rieure est une garantie d'intimit\u00e9 absolue. CANAP\u00c9S-LITS CHIENS ET ANIMAUX DE PETITE TAILLE ADMIS SOL EN MARBRE OU CARREAUX DE SOL TAPIS DE SOL DE LA CHAMBRE \u00c0 COUCHER LARGE VUE PANORAMIQUE (Corvara \/ Groupe de Montagne) Occupation maximale pour 3 personnes \/ 25 m\u00b2 .\",\"breadcrumb\":{\"@id\":\"https:\/\/www.hotelmiramonticorvara.it\/fr\/chambres\/chambre-triple-confort\/#breadcrumb\"},\"inLanguage\":\"fr-FR\",\"potentialAction\":[{\"@type\":\"ReadAction\",\"target\":[\"https:\/\/www.hotelmiramonticorvara.it\/fr\/chambres\/chambre-triple-confort\/\"]}]},{\"@type\":\"BreadcrumbList\",\"@id\":\"https:\/\/www.hotelmiramonticorvara.it\/fr\/chambres\/chambre-triple-confort\/#breadcrumb\",\"itemListElement\":[{\"@type\":\"ListItem\",\"position\":1,\"name\":\"Home\",\"item\":\"https:\/\/www.hotelmiramonticorvara.it\/fr\/\"},{\"@type\":\"ListItem\",\"position\":2,\"name\":\"Chambres\",\"item\":\"https:\/\/www.hotelmiramonticorvara.it\/fr\/chambres\/\"},{\"@type\":\"ListItem\",\"position\":3,\"name\":\"Chambre Triple Confort\"}]},{\"@type\":\"WebSite\",\"@id\":\"https:\/\/www.hotelmiramonticorvara.it\/fr\/#website\",\"url\":\"https:\/\/www.hotelmiramonticorvara.it\/fr\/\",\"name\":\"Hotel Miramonti Corvara\",\"description\":\"Just another ms.decms.eu site\",\"potentialAction\":[{\"@type\":\"SearchAction\",\"target\":{\"@type\":\"EntryPoint\",\"urlTemplate\":\"https:\/\/www.hotelmiramonticorvara.it\/fr\/?s={search_term_string}\"},\"query-input\":{\"@type\":\"PropertyValueSpecification\",\"valueRequired\":true,\"valueName\":\"search_term_string\"}}],\"inLanguage\":\"fr-FR\"}]}<\/script>\n<!-- \/ Yoast SEO plugin. -->","yoast_head_json":{"title":"Chambre Triple Confort - Hotel Miramonti Corvara -","description":"\u00c9quip\u00e9e d'un espace de vie avec une kitchenette confortable et un canap\u00e9-lit, une grande chambre et un mobilier traditionnel, la chambre triple confort est con\u00e7ue pour garantir un espace et un confort complets \u00e0 ceux qui aiment voyager \u00e0 trois. La vue int\u00e9rieure est une garantie d'intimit\u00e9 absolue. CANAP\u00c9S-LITS CHIENS ET ANIMAUX DE PETITE TAILLE ADMIS SOL EN MARBRE OU CARREAUX DE SOL TAPIS DE SOL DE LA CHAMBRE \u00c0 COUCHER LARGE VUE PANORAMIQUE (Corvara \/ Groupe de Montagne) Occupation maximale pour 3 personnes \/ 25 m\u00b2.","robots":{"index":"noindex","follow":"follow"},"og_locale":"fr_FR","og_type":"article","og_title":"Chambre Triple Confort - Hotel Miramonti Corvara -","og_description":"\u00c9quip\u00e9e d'un espace de vie avec une kitchenette confortable et un canap\u00e9-lit, une grande chambre et un mobilier traditionnel, la chambre triple confort est con\u00e7ue pour garantir un espace et un confort complets \u00e0 ceux qui aiment voyager \u00e0 trois. La vue int\u00e9rieure est une garantie d'intimit\u00e9 absolue. CANAP\u00c9S-LITS CHIENS ET ANIMAUX DE PETITE TAILLE ADMIS SOL EN MARBRE OU CARREAUX DE SOL TAPIS DE SOL DE LA CHAMBRE \u00c0 COUCHER LARGE VUE PANORAMIQUE (Corvara \/ Groupe de Montagne) Occupation maximale pour 3 personnes \/ 25 m\u00b2.","og_url":"https:\/\/www.hotelmiramonticorvara.it\/fr\/chambres\/chambre-triple-confort\/","og_site_name":"Hotel Miramonti Corvara","article_modified_time":"2023-07-30T07:50:22+00:00","twitter_card":"summary_large_image","twitter_misc":{"Dur\u00e9e de lecture estim\u00e9e":"1 minute"},"schema":{"@context":"https:\/\/schema.org","@graph":[{"@type":"WebPage","@id":"https:\/\/www.hotelmiramonticorvara.it\/fr\/chambres\/chambre-triple-confort\/","url":"https:\/\/www.hotelmiramonticorvara.it\/fr\/chambres\/chambre-triple-confort\/","name":"Chambre Triple Confort - Hotel Miramonti Corvara -","isPartOf":{"@id":"https:\/\/www.hotelmiramonticorvara.it\/fr\/#website"},"datePublished":"2021-06-23T07:48:39+00:00","dateModified":"2023-07-30T07:50:22+00:00","description":"\u00c9quip\u00e9e d'un espace de vie avec une kitchenette confortable et un canap\u00e9-lit, une grande chambre et un mobilier traditionnel, la chambre triple confort est con\u00e7ue pour garantir un espace et un confort complets \u00e0 ceux qui aiment voyager \u00e0 trois. La vue int\u00e9rieure est une garantie d'intimit\u00e9 absolue. CANAP\u00c9S-LITS CHIENS ET ANIMAUX DE PETITE TAILLE ADMIS SOL EN MARBRE OU CARREAUX DE SOL TAPIS DE SOL DE LA CHAMBRE \u00c0 COUCHER LARGE VUE PANORAMIQUE (Corvara \/ Groupe de Montagne) Occupation maximale pour 3 personnes \/ 25 m\u00b2 .","breadcrumb":{"@id":"https:\/\/www.hotelmiramonticorvara.it\/fr\/chambres\/chambre-triple-confort\/#breadcrumb"},"inLanguage":"fr-FR","potentialAction":[{"@type":"ReadAction","target":["https:\/\/www.hotelmiramonticorvara.it\/fr\/chambres\/chambre-triple-confort\/"]}]},{"@type":"BreadcrumbList","@id":"https:\/\/www.hotelmiramonticorvara.it\/fr\/chambres\/chambre-triple-confort\/#breadcrumb","itemListElement":[{"@type":"ListItem","position":1,"name":"Home","item":"https:\/\/www.hotelmiramonticorvara.it\/fr\/"},{"@type":"ListItem","position":2,"name":"Chambres","item":"https:\/\/www.hotelmiramonticorvara.it\/fr\/chambres\/"},{"@type":"ListItem","position":3,"name":"Chambre Triple Confort"}]},{"@type":"WebSite","@id":"https:\/\/www.hotelmiramonticorvara.it\/fr\/#website","url":"https:\/\/www.hotelmiramonticorvara.it\/fr\/","name":"Hotel Miramonti Corvara","description":"Just another ms.decms.eu site","potentialAction":[{"@type":"SearchAction","target":{"@type":"EntryPoint","urlTemplate":"https:\/\/www.hotelmiramonticorvara.it\/fr\/?s={search_term_string}"},"query-input":{"@type":"PropertyValueSpecification","valueRequired":true,"valueName":"search_term_string"}}],"inLanguage":"fr-FR"}]}},"acf":[],"_links":{"self":[{"href":"https:\/\/www.hotelmiramonticorvara.it\/fr\/wp-json\/wp\/v2\/pages\/138","targetHints":{"allow":["GET"]}}],"collection":[{"href":"https:\/\/www.hotelmiramonticorvara.it\/fr\/wp-json\/wp\/v2\/pages"}],"about":[{"href":"https:\/\/www.hotelmiramonticorvara.it\/fr\/wp-json\/wp\/v2\/types\/page"}],"author":[{"embeddable":true,"href":"https:\/\/www.hotelmiramonticorvara.it\/fr\/wp-json\/wp\/v2\/users\/36"}],"replies":[{"embeddable":true,"href":"https:\/\/www.hotelmiramonticorvara.it\/fr\/wp-json\/wp\/v2\/comments?post=138"}],"version-history":[{"count":0,"href":"https:\/\/www.hotelmiramonticorvara.it\/fr\/wp-json\/wp\/v2\/pages\/138\/revisions"}],"up":[{"embeddable":true,"href":"https:\/\/www.hotelmiramonticorvara.it\/fr\/wp-json\/wp\/v2\/pages\/56"}],"wp:attachment":[{"href":"https:\/\/www.hotelmiramonticorvara.it\/fr\/wp-json\/wp\/v2\/media?parent=138"}],"curies":[{"name":"wp","href":"https:\/\/api.w.org\/{rel}","templated":true}]}}