{"id":122,"date":"2021-06-22T10:19:17","date_gmt":"2021-06-22T10:19:17","guid":{"rendered":"https:\/\/hotel-miramonti.ms.decms.eu\/?page_id=122"},"modified":"2023-07-30T08:12:52","modified_gmt":"2023-07-30T08:12:52","slug":"chambre-triple-classique","status":"publish","type":"page","link":"https:\/\/www.hotelmiramonticorvara.it\/fr\/chambres\/chambre-triple-classique\/","title":{"rendered":"Chambre Triple Classique"},"content":{"rendered":"<p style=\"text-align: center\">Id\u00e9al pour les clients \u00e0 la recherche du meilleur rapport qualit\u00e9-prix. La grande chambre double b\u00e9n\u00e9ficie d&rsquo;une atmosph\u00e8re chaleureuse et est \u00e9quip\u00e9e de tout confort.<\/p>\n<p style=\"text-align: center\">Toutes les chambres n&rsquo;ont pas de balcon et sont pour la plupart situ\u00e9es au rez-de-chauss\u00e9e.<\/p>\n<p style=\"text-align: center\">PETITS ANIMAUX ADMIS<br \/>\nVUE INT\u00c9RIEURE OU PARTIELLE DES MONTAGNES ENVIRONNANTES<br \/>\nSOL DU SALON EN MARBRE OU EN CARRELAGE<br \/>\nTAPIS CHAMBRE SOL<br \/>\nCANAP\u00c9S-LITS DANS LE SALON<\/p>\n<p style=\"text-align: center\"><strong>Occupation maximale pour 3 personnes \/ 25 m\u00b2<\/strong><\/p>\n","protected":false},"excerpt":{"rendered":"<p>Id\u00e9al pour les clients \u00e0 la recherche du meilleur rapport qualit\u00e9-prix. La grande chambre double b\u00e9n\u00e9ficie d&rsquo;une atmosph\u00e8re chaleureuse et est \u00e9quip\u00e9e de tout confort. Toutes les chambres n&rsquo;ont pas de balcon et sont pour la plupart situ\u00e9es au rez-de-chauss\u00e9e. PETITS ANIMAUX ADMIS VUE INT\u00c9RIEURE OU PARTIELLE DES MONTAGNES ENVIRONNANTES SOL DU SALON EN MARBRE [&hellip;]<\/p>\n","protected":false},"author":36,"featured_media":0,"parent":56,"menu_order":20,"comment_status":"closed","ping_status":"closed","template":"template-single-room.php","meta":{"footnotes":""},"class_list":["post-122","page","type-page","status-publish","hentry"],"yoast_head":"<!-- This site is optimized with the Yoast SEO plugin v26.9 - https:\/\/yoast.com\/product\/yoast-seo-wordpress\/ -->\n<title>Chambre Triple Classique - Hotel Miramonti Corvara -<\/title>\n<meta name=\"description\" content=\"Id\u00e9al pour les clients \u00e0 la recherche du meilleur rapport qualit\u00e9-prix. La grande chambre double b\u00e9n\u00e9ficie d&#039;une atmosph\u00e8re chaleureuse et est \u00e9quip\u00e9e de tout confort. Toutes les chambres n&#039;ont pas de balcon et sont pour la plupart situ\u00e9es au rez-de-chauss\u00e9e. PETITS ANIMAUX ADMIS VUE INT\u00c9RIEURE OU PARTIELLE DES MONTAGNES ENVIRONNANTES SOL DU SALON EN MARBRE OU EN CARRELAGE TAPIS CHAMBRE SOL CANAP\u00c9S-LITS DANS LE SALON Occupation maximale pour 3 personnes \/ 25 m\u00b2\" \/>\n<meta name=\"robots\" content=\"noindex, follow\" \/>\n<meta property=\"og:locale\" content=\"fr_FR\" \/>\n<meta property=\"og:type\" content=\"article\" \/>\n<meta property=\"og:title\" content=\"Chambre Triple Classique - Hotel Miramonti Corvara -\" \/>\n<meta property=\"og:description\" content=\"Id\u00e9al pour les clients \u00e0 la recherche du meilleur rapport qualit\u00e9-prix. La grande chambre double b\u00e9n\u00e9ficie d&#039;une atmosph\u00e8re chaleureuse et est \u00e9quip\u00e9e de tout confort. Toutes les chambres n&#039;ont pas de balcon et sont pour la plupart situ\u00e9es au rez-de-chauss\u00e9e. PETITS ANIMAUX ADMIS VUE INT\u00c9RIEURE OU PARTIELLE DES MONTAGNES ENVIRONNANTES SOL DU SALON EN MARBRE OU EN CARRELAGE TAPIS CHAMBRE SOL CANAP\u00c9S-LITS DANS LE SALON Occupation maximale pour 3 personnes \/ 25 m\u00b2\" \/>\n<meta property=\"og:url\" content=\"https:\/\/www.hotelmiramonticorvara.it\/fr\/chambres\/chambre-triple-classique\/\" \/>\n<meta property=\"og:site_name\" content=\"Hotel Miramonti Corvara\" \/>\n<meta property=\"article:modified_time\" content=\"2023-07-30T08:12:52+00:00\" \/>\n<meta name=\"twitter:card\" content=\"summary_large_image\" \/>\n<meta name=\"twitter:label1\" content=\"Dur\u00e9e de lecture estim\u00e9e\" \/>\n\t<meta name=\"twitter:data1\" content=\"1 minute\" \/>\n<script type=\"application\/ld+json\" class=\"yoast-schema-graph\">{\"@context\":\"https:\/\/schema.org\",\"@graph\":[{\"@type\":\"WebPage\",\"@id\":\"https:\/\/www.hotelmiramonticorvara.it\/fr\/chambres\/chambre-triple-classique\/\",\"url\":\"https:\/\/www.hotelmiramonticorvara.it\/fr\/chambres\/chambre-triple-classique\/\",\"name\":\"Chambre Triple Classique - Hotel Miramonti Corvara -\",\"isPartOf\":{\"@id\":\"https:\/\/www.hotelmiramonticorvara.it\/fr\/#website\"},\"datePublished\":\"2021-06-22T10:19:17+00:00\",\"dateModified\":\"2023-07-30T08:12:52+00:00\",\"description\":\"Id\u00e9al pour les clients \u00e0 la recherche du meilleur rapport qualit\u00e9-prix. La grande chambre double b\u00e9n\u00e9ficie d'une atmosph\u00e8re chaleureuse et est \u00e9quip\u00e9e de tout confort. Toutes les chambres n'ont pas de balcon et sont pour la plupart situ\u00e9es au rez-de-chauss\u00e9e. PETITS ANIMAUX ADMIS VUE INT\u00c9RIEURE OU PARTIELLE DES MONTAGNES ENVIRONNANTES SOL DU SALON EN MARBRE OU EN CARRELAGE TAPIS CHAMBRE SOL CANAP\u00c9S-LITS DANS LE SALON Occupation maximale pour 3 personnes \/ 25 m\u00b2\",\"breadcrumb\":{\"@id\":\"https:\/\/www.hotelmiramonticorvara.it\/fr\/chambres\/chambre-triple-classique\/#breadcrumb\"},\"inLanguage\":\"fr-FR\",\"potentialAction\":[{\"@type\":\"ReadAction\",\"target\":[\"https:\/\/www.hotelmiramonticorvara.it\/fr\/chambres\/chambre-triple-classique\/\"]}]},{\"@type\":\"BreadcrumbList\",\"@id\":\"https:\/\/www.hotelmiramonticorvara.it\/fr\/chambres\/chambre-triple-classique\/#breadcrumb\",\"itemListElement\":[{\"@type\":\"ListItem\",\"position\":1,\"name\":\"Home\",\"item\":\"https:\/\/www.hotelmiramonticorvara.it\/fr\/\"},{\"@type\":\"ListItem\",\"position\":2,\"name\":\"Chambres\",\"item\":\"https:\/\/www.hotelmiramonticorvara.it\/fr\/chambres\/\"},{\"@type\":\"ListItem\",\"position\":3,\"name\":\"Chambre Triple Classique\"}]},{\"@type\":\"WebSite\",\"@id\":\"https:\/\/www.hotelmiramonticorvara.it\/fr\/#website\",\"url\":\"https:\/\/www.hotelmiramonticorvara.it\/fr\/\",\"name\":\"Hotel Miramonti Corvara\",\"description\":\"Just another ms.decms.eu site\",\"potentialAction\":[{\"@type\":\"SearchAction\",\"target\":{\"@type\":\"EntryPoint\",\"urlTemplate\":\"https:\/\/www.hotelmiramonticorvara.it\/fr\/?s={search_term_string}\"},\"query-input\":{\"@type\":\"PropertyValueSpecification\",\"valueRequired\":true,\"valueName\":\"search_term_string\"}}],\"inLanguage\":\"fr-FR\"}]}<\/script>\n<!-- \/ Yoast SEO plugin. -->","yoast_head_json":{"title":"Chambre Triple Classique - Hotel Miramonti Corvara -","description":"Id\u00e9al pour les clients \u00e0 la recherche du meilleur rapport qualit\u00e9-prix. La grande chambre double b\u00e9n\u00e9ficie d'une atmosph\u00e8re chaleureuse et est \u00e9quip\u00e9e de tout confort. Toutes les chambres n'ont pas de balcon et sont pour la plupart situ\u00e9es au rez-de-chauss\u00e9e. PETITS ANIMAUX ADMIS VUE INT\u00c9RIEURE OU PARTIELLE DES MONTAGNES ENVIRONNANTES SOL DU SALON EN MARBRE OU EN CARRELAGE TAPIS CHAMBRE SOL CANAP\u00c9S-LITS DANS LE SALON Occupation maximale pour 3 personnes \/ 25 m\u00b2","robots":{"index":"noindex","follow":"follow"},"og_locale":"fr_FR","og_type":"article","og_title":"Chambre Triple Classique - Hotel Miramonti Corvara -","og_description":"Id\u00e9al pour les clients \u00e0 la recherche du meilleur rapport qualit\u00e9-prix. La grande chambre double b\u00e9n\u00e9ficie d'une atmosph\u00e8re chaleureuse et est \u00e9quip\u00e9e de tout confort. Toutes les chambres n'ont pas de balcon et sont pour la plupart situ\u00e9es au rez-de-chauss\u00e9e. PETITS ANIMAUX ADMIS VUE INT\u00c9RIEURE OU PARTIELLE DES MONTAGNES ENVIRONNANTES SOL DU SALON EN MARBRE OU EN CARRELAGE TAPIS CHAMBRE SOL CANAP\u00c9S-LITS DANS LE SALON Occupation maximale pour 3 personnes \/ 25 m\u00b2","og_url":"https:\/\/www.hotelmiramonticorvara.it\/fr\/chambres\/chambre-triple-classique\/","og_site_name":"Hotel Miramonti Corvara","article_modified_time":"2023-07-30T08:12:52+00:00","twitter_card":"summary_large_image","twitter_misc":{"Dur\u00e9e de lecture estim\u00e9e":"1 minute"},"schema":{"@context":"https:\/\/schema.org","@graph":[{"@type":"WebPage","@id":"https:\/\/www.hotelmiramonticorvara.it\/fr\/chambres\/chambre-triple-classique\/","url":"https:\/\/www.hotelmiramonticorvara.it\/fr\/chambres\/chambre-triple-classique\/","name":"Chambre Triple Classique - Hotel Miramonti Corvara -","isPartOf":{"@id":"https:\/\/www.hotelmiramonticorvara.it\/fr\/#website"},"datePublished":"2021-06-22T10:19:17+00:00","dateModified":"2023-07-30T08:12:52+00:00","description":"Id\u00e9al pour les clients \u00e0 la recherche du meilleur rapport qualit\u00e9-prix. La grande chambre double b\u00e9n\u00e9ficie d'une atmosph\u00e8re chaleureuse et est \u00e9quip\u00e9e de tout confort. Toutes les chambres n'ont pas de balcon et sont pour la plupart situ\u00e9es au rez-de-chauss\u00e9e. PETITS ANIMAUX ADMIS VUE INT\u00c9RIEURE OU PARTIELLE DES MONTAGNES ENVIRONNANTES SOL DU SALON EN MARBRE OU EN CARRELAGE TAPIS CHAMBRE SOL CANAP\u00c9S-LITS DANS LE SALON Occupation maximale pour 3 personnes \/ 25 m\u00b2","breadcrumb":{"@id":"https:\/\/www.hotelmiramonticorvara.it\/fr\/chambres\/chambre-triple-classique\/#breadcrumb"},"inLanguage":"fr-FR","potentialAction":[{"@type":"ReadAction","target":["https:\/\/www.hotelmiramonticorvara.it\/fr\/chambres\/chambre-triple-classique\/"]}]},{"@type":"BreadcrumbList","@id":"https:\/\/www.hotelmiramonticorvara.it\/fr\/chambres\/chambre-triple-classique\/#breadcrumb","itemListElement":[{"@type":"ListItem","position":1,"name":"Home","item":"https:\/\/www.hotelmiramonticorvara.it\/fr\/"},{"@type":"ListItem","position":2,"name":"Chambres","item":"https:\/\/www.hotelmiramonticorvara.it\/fr\/chambres\/"},{"@type":"ListItem","position":3,"name":"Chambre Triple Classique"}]},{"@type":"WebSite","@id":"https:\/\/www.hotelmiramonticorvara.it\/fr\/#website","url":"https:\/\/www.hotelmiramonticorvara.it\/fr\/","name":"Hotel Miramonti Corvara","description":"Just another ms.decms.eu site","potentialAction":[{"@type":"SearchAction","target":{"@type":"EntryPoint","urlTemplate":"https:\/\/www.hotelmiramonticorvara.it\/fr\/?s={search_term_string}"},"query-input":{"@type":"PropertyValueSpecification","valueRequired":true,"valueName":"search_term_string"}}],"inLanguage":"fr-FR"}]}},"acf":[],"_links":{"self":[{"href":"https:\/\/www.hotelmiramonticorvara.it\/fr\/wp-json\/wp\/v2\/pages\/122","targetHints":{"allow":["GET"]}}],"collection":[{"href":"https:\/\/www.hotelmiramonticorvara.it\/fr\/wp-json\/wp\/v2\/pages"}],"about":[{"href":"https:\/\/www.hotelmiramonticorvara.it\/fr\/wp-json\/wp\/v2\/types\/page"}],"author":[{"embeddable":true,"href":"https:\/\/www.hotelmiramonticorvara.it\/fr\/wp-json\/wp\/v2\/users\/36"}],"replies":[{"embeddable":true,"href":"https:\/\/www.hotelmiramonticorvara.it\/fr\/wp-json\/wp\/v2\/comments?post=122"}],"version-history":[{"count":0,"href":"https:\/\/www.hotelmiramonticorvara.it\/fr\/wp-json\/wp\/v2\/pages\/122\/revisions"}],"up":[{"embeddable":true,"href":"https:\/\/www.hotelmiramonticorvara.it\/fr\/wp-json\/wp\/v2\/pages\/56"}],"wp:attachment":[{"href":"https:\/\/www.hotelmiramonticorvara.it\/fr\/wp-json\/wp\/v2\/media?parent=122"}],"curies":[{"name":"wp","href":"https:\/\/api.w.org\/{rel}","templated":true}]}}