{"id":448,"date":"2021-06-25T12:25:15","date_gmt":"2021-06-25T12:25:15","guid":{"rendered":"https:\/\/hotel-miramonti.ms.decms.eu\/?page_id=448"},"modified":"2021-06-25T12:25:34","modified_gmt":"2021-06-25T12:25:34","slug":"arbeite-mit-uns","status":"publish","type":"page","link":"https:\/\/www.hotelmiramonticorvara.it\/de\/arbeite-mit-uns\/","title":{"rendered":"Arbeite mit uns"},"content":{"rendered":"\n                <div class='gf_browser_gecko gform_wrapper' id='gform_wrapper_9' ><div id='gf_9' class='gform_anchor' tabindex='-1'><\/div><form method='post' enctype='multipart\/form-data' target='gform_ajax_frame_9' id='gform_9'  action='\/de\/wp-json\/wp\/v2\/pages\/448#gf_9'>\n                        <div class='gform_heading'>\n                            <span class='gform_description'><\/span>\n                        <\/div>\n                        <div class='gform_body'><ul id='gform_fields_9' class='gform_fields top_label form_sublabel_below description_below'><li id='field_9_1'  class='gfield gfield_contains_required field_sublabel_below field_description_below gfield_visibility_visible' ><label class='gfield_label gfield_label_before_complex'  >Name<span class='gfield_required'>*<\/span><\/label><div class='ginput_complex ginput_container no_prefix has_first_name no_middle_name has_last_name no_suffix gf_name_has_2 ginput_container_name' id='input_9_1'>\n                            \n                            <span id='input_9_1_3_container' class='name_first' >\n                                                    <input type='text' name='input_1.3' id='input_9_1_3' value='' aria-label='First name'   aria-required=\"true\" aria-invalid=\"false\" \/>\n                                                    <label for='input_9_1_3' >Vorname<\/label>\n                                                <\/span>\n                            \n                            <span id='input_9_1_6_container' class='name_last' >\n                                                    <input type='text' name='input_1.6' id='input_9_1_6' value='' aria-label='Last name'   aria-required=\"true\" aria-invalid=\"false\" \/>\n                                                    <label for='input_9_1_6' >Nachname<\/label>\n                                                <\/span>\n                            \n                        <\/div><\/li><li id='field_9_2'  class='gfield gfield_contains_required field_sublabel_below field_description_below gfield_visibility_visible' ><label class='gfield_label' for='input_9_2' >Geburtsdatum<span class='gfield_required'>*<\/span><\/label><div class='ginput_container ginput_container_date'>\n                            <input name='input_2' id='input_9_2' type='text' value='' class='datepicker medium dmy datepicker_no_icon'    aria-describedby='input_9_2_date_format' \/>\n                            <span id='input_9_2_date_format' class='screen-reader-text'>Date Format: TT Schr\u00e4gstrich MM Schr\u00e4gstrich JJJJ<\/span>\n                        <\/div>\n                        <input type='hidden' id='gforms_calendar_icon_input_9_2' class='gform_hidden' value='https:\/\/www.hotelmiramonticorvara.it\/wp-content\/plugins\/gravityforms\/images\/calendar.png'\/><\/li><li id='field_9_3'  class='gfield gfield_contains_required field_sublabel_below field_description_below gfield_visibility_visible' ><label class='gfield_label' for='input_9_3' >Email<span class='gfield_required'>*<\/span><\/label><div class='ginput_container ginput_container_email'>\n                            <input name='input_3' id='input_9_3' type='text' value='' class='medium'    aria-required=\"true\" aria-invalid=\"false\" \/>\n                        <\/div><\/li><li id='field_9_4'  class='gfield gfield_contains_required field_sublabel_below field_description_below gfield_visibility_visible' ><label class='gfield_label' for='input_9_4' >Telefon<span class='gfield_required'>*<\/span><\/label><div class='ginput_container ginput_container_phone'><input name='input_4' id='input_9_4' type='text' value='' class='medium'   aria-required=\"true\" aria-invalid=\"false\"  \/><\/div><\/li><li id='field_9_6'  class='gfield gfield_contains_required field_sublabel_below field_description_below gfield_visibility_visible' ><label class='gfield_label' for='input_9_6' >W\u00e4hlen Sie das Hotel<span class='gfield_required'>*<\/span><\/label><div class='ginput_container ginput_container_select'><select name='input_6' id='input_9_6' class='medium gfield_select'   aria-required=\"true\" aria-invalid=\"false\"><option value='Miramonti Hotel' >Miramonti Hotel<\/option><option value='Piccolo Portofino Hotel' >Piccolo Portofino Hotel<\/option><option value='Kyrie Hotel' >Kyrie Hotel<\/option><option value='Royal Hotel Positano' >Royal Hotel Positano<\/option><option value='Palumbalza Hotel' >Palumbalza Hotel<\/option><option value='Alaska Hotel' >Alaska Hotel<\/option><option value='Les Jumeaux' >Les Jumeaux<\/option><option value='Ca&#039; Zusto' >Ca&#039; Zusto<\/option><option value='Giudecca' >Giudecca<\/option><\/select><\/div><\/li><li id='field_9_7'  class='gfield gfield_contains_required field_sublabel_below field_description_below gfield_visibility_visible' ><label class='gfield_label' for='input_9_7' >Berufliche Stellung<span class='gfield_required'>*<\/span><\/label><div class='ginput_container ginput_container_select'><select name='input_7' id='input_9_7' class='medium gfield_select'   aria-required=\"true\" aria-invalid=\"false\"><option value='Direktor' >Direktor<\/option><option value='Leiter der Rezeption' >Leiter der Rezeption<\/option><option value='Sekret\u00e4rin an der Rezeption' >Sekret\u00e4rin an der Rezeption<\/option><option value='Haush\u00e4lterin' >Haush\u00e4lterin<\/option><option value='Kellner auf Etagen' >Kellner auf Etagen<\/option><option value='Pf\u00f6rtner' >Pf\u00f6rtner<\/option><option value='Chef' >Chef<\/option><option value='Chefkoch' >Chefkoch<\/option><option value='K\u00fcchenkommis' >K\u00fcchenkommis<\/option><option value='Geschirrsp\u00fcler' >Geschirrsp\u00fcler<\/option><option value='Maitre' >Maitre<\/option><option value='Chef de Rang' >Chef de Rang<\/option><option value='Commis de sala' >Commis de sala<\/option><option value='Maintainer' >Maintainer<\/option><option value='Schatzmeister' >Schatzmeister<\/option><\/select><\/div><\/li><li id='field_9_8'  class='gfield gfield_contains_required field_sublabel_below field_description_below gfield_visibility_visible' ><label class='gfield_label' for='input_9_8' >Laden Sie ihren Lebenslauf hoch<span class='gfield_required'>*<\/span><\/label><div class='ginput_container ginput_container_fileupload'><input type='hidden' name='MAX_FILE_SIZE' value='10240000' \/><input name='input_8' id='input_9_8' type='file' class='medium' aria-describedby='validation_message_9_8 live_validation_message_9_8 extensions_message_9_8' onchange='javascript:gformValidateFileSize( this, 10240000 );'  \/><span id='extensions_message_9_8' class='screen-reader-text'><\/span><div class='validation_message' id='live_validation_message_9_8'><\/div><\/div><\/li><li id='field_9_9'  class='gfield gfield_contains_required field_sublabel_below field_description_below gfield_visibility_visible' ><label class='gfield_label'  >Zustimmung<span class='gfield_required'>*<\/span><\/label><div class='ginput_container ginput_container_consent'><input name='input_9.1' id='input_9_9_1' type='checkbox' value='1'  aria-describedby='gfield_consent_description_9_9' aria-required=\"true\" aria-invalid=\"false\"   \/> <label class=\"gfield_consent_label\" for='input_9_9_1' >Gem\u00e4\u00df der Kunst. 13 der EU-Verordnung 679\/2016 DSGVO Ich habe die gelesen Datenschutz-Bestimmungen.<\/label><input type='hidden' name='input_9.2' value='Gem\u00e4\u00df der Kunst. 13 der EU-Verordnung 679\/2016 DSGVO Ich habe die gelesen Datenschutz-Bestimmungen.' class='gform_hidden' \/><input type='hidden' name='input_9.3' value='22' class='gform_hidden' \/><\/div><div class='gfield_description gfield_consent_description' id='gfield_consent_description_9_9'>INFORMATIVA PER IL TRATTAMENTO DEI DATI DEI CANDIDATI SPONTANEI<br \/>\n<br \/>\n<br \/>\nINFORMATIVA<br \/>\n<br \/>\nPrima Hotel srl, Via Andrea Maffei \u00a01, 20135 Milano , p.iva, 12140270963, in qualit\u00e0 di titolare al trattamento dei dati (in seguito, \u201cTitolare\u201d), La informa ai sensi dell\u2019art. 13 Regolamento UE 679\/2016 (in seguito, \u201cGDPR\u201d) che i Suoi dati saranno trattati con le modalit\u00e0 e per le finalit\u00e0 seguenti:<br \/>\n<br \/>\n\u2022\tOggetto del trattamento<br \/>\nIl Titolare tratta i dati personali identificativi e particolari (nome, cognome, dati anagrafici e Curriculum Vitae; in seguito \u201cdati\u201d) da Lei comunicati tramite la compilazione di questo form al Titolare.<br \/>\n<br \/>\n\u2022\tFinalit\u00e0 del trattamento<br \/>\nI dati sono trattati per:<br \/>\n\u2022\tconsentirLe di partecipare a processi di selezione del Titolare;<br \/>\n\u2022\teffettuare indagini statistiche sui dati ricevuti;<br \/>\n\u2022\tassolvere eventuali obblighi di legge. <br \/>\n<br \/>\n\u2022\tModalit\u00e0 del trattamento<br \/>\nIl trattamento dei Suoi dati \u00e8 realizzato per mezzo delle operazioni indicate all\u2019art. 4 GDPR, e precisamente: raccolta, registrazione, organizzazione, conservazione, consultazione, elaborazione, modificazione, selezione, estrazione, raffronto, utilizzo, interconnessione, blocco, cancellazione e distruzione dei dati. I Suoi dati sono sottoposti a trattamento sia cartaceo che elettronico. <br \/>\nIl Titolare tratter\u00e0 i dati per il tempo necessario per adempiere alle finalit\u00e0 di cui sopra e comunque per non oltre 2 anni dalla comunicazione.<br \/>\n<br \/>\n\u2022\tAccesso ai dati<br \/>\nI Suoi dati potranno essere resi accessibili per le finalit\u00e0 di cui all\u2019art. 2 a: <br \/>\n\u2022\tdipendenti\/collaboratori del Titolare nella loro qualit\u00e0 di incaricati del trattamento e\/o amministratori di sistema e\/o responsabili del trattamento; <br \/>\n\u2022\tsoggetti terzi (ad esempio, societ\u00e0 terze che forniscono i servizi di sicurezza, professionisti, etc.) che svolgano attivit\u00e0 in outsourcing per conto del Titolare, nella loro qualit\u00e0 di responsabili esterni del trattamento. <br \/>\nI Suoi dati non saranno comunicati a terzi, n\u00e9 diffusi o trasmessi extra UE.<br \/>\n<br \/>\n\u2022\tNatura del conferimento dei dati e conseguenze del rifiuto di rispondere<br \/>\nIl conferimento dei dati \u00e8 facoltativo. Lei potr\u00e0 quindi decidere di non conferire alcun dato: ci\u00f2 comporta l\u2019impossibilit\u00e0 per Prima Hotel di utilizzare il Suo CV e farla partecipare ad eventuali processi di selezione.<br \/>\n<br \/>\n\u2022\tDiritti dell\u2019interessato <br \/>\nNella Sua qualit\u00e0 di interessato, Lei ha i diritti di cui all\u2019art. 15 GDPR e precisamente i diritti di: <br \/>\n\u2022\tottenere la conferma dell'esistenza o meno di dati personali che La riguardano, anche se non ancora registrati, e la loro comunicazione in forma intelligibile; <br \/>\n\u2022\tottenere l'indicazione: a) dell'origine dei dati personali; b) delle finalit\u00e0 e modalit\u00e0 del trattamento; c) della logica applicata in caso di trattamento effettuato con l'ausilio di strumenti elettronici; d) degli estremi identificativi del titolare, dei responsabili e del rappresentante designato; e) dei soggetti o delle categorie di soggetti ai quali i dati personali possono essere comunicati o che possono venirne a conoscenza in qualit\u00e0 di rappresentante designato nel territorio dello Stato, di responsabili o incaricati; <br \/>\n\u2022\tessere informato circa l\u2019esistenza di garanzie adeguate in caso di trasferimento dei dati; <br \/>\n\u2022\tottenere: a) l'aggiornamento, la rettificazione ovvero, quando vi ha interesse, l'integrazione dei dati; b) la cancellazione, la trasformazione in forma anonima o il blocco dei dati trattati in violazione di legge, compresi quelli di cui non \u00e8 necessaria la conservazione in relazione agli scopi per i quali i dati sono stati raccolti o successivamente trattati; c) l'attestazione che le operazioni di cui alle lettere a) e b) sono state portate a conoscenza, anche per quanto riguarda il loro contenuto, di coloro ai quali i dati sono stati comunicati o diffusi, eccettuato il caso in cui tale adempimento si rivela impossibile o comporta un impiego di mezzi manifestamente sproporzionato rispetto al diritto tutelato; <br \/>\n\u2022\topporsi, in tutto o in parte: a) per motivi legittimi al trattamento dei dati personali che La riguardano, ancorch\u00e9 pertinenti allo scopo della raccolta; b) al trattamento di dati personali che La riguardano a fini di invio di comunicazioni commerciali, materiale pubblicitario o di vendita diretta o per il compimento di ricerche di mercato o analisi statistiche, mediante l\u2019uso di sistemi automatizzati quali email e\/o fax e\/o sms e e\/o mediante modalit\u00e0 tradizionali quali telefono e\/o posta cartacea. <br \/>\nLei ha altres\u00ec i diritti di cui agli artt. 16-21 GDPR (Diritto di rettifica, diritto all\u2019oblio, diritto di limitazione di trattamento, diritto alla portabilit\u00e0 dei dati, diritto di opposizione), nonch\u00e9 il diritto di reclamo all\u2019Autorit\u00e0 Garante.<br \/>\n<br \/>\n\u2022\tModalit\u00e0 di esercizio dei diritti<br \/>\nLei potr\u00e0 in qualsiasi momento esercitare i diritti dell\u2019interessato: <br \/>\n\u2022\tinviando una raccomandata a.r. all\u2019indirizzo del Titolare; <br \/>\n\u2022\tinviando una mail a: privacy@primahotel.it<br \/>\n\u2022\ttelefonando al numero: 02.87369100<br \/>\n<br \/>\n\u2022\tTitolare, responsabile e incaricati<br \/>\nIl Titolare del trattamento \u00e8:<br \/>\nCreden SPA Sede legale e Operativa: Via Don Mapelli, 60 20099 Sesto San Giovanni (MI)<br \/>\n<br \/>\nIl Responsabile della Protezione dei Dati \u00e8: <br \/>\n\u2022\tDott. Ing. Paolo Pesarin, domiciliato per la carica presso la sede operativa del Titolare in Via Andrea Maffei \u00a01, 20135 Milano \u2013 dpo@hithotel.it<br \/>\n<br \/>\nIl Responsabile interno \u00e8:<br \/>\n\u2022\t Dott.ssa Sara Santoro<br \/>\n <br \/>\nL\u2019elenco aggiornato dei responsabili e degli incaricati al trattamento \u00e8 custodito presso la sede del Titolare del trattamento. <br \/>\n<br \/>\nPrima Hotel Srl<br \/>\n<br \/>\n  Autorizzo il trattamento dei dati per le finalit\u00e0 di ricerca e selezione del personale come da informativa sopra esposta che dichiaro di aver letto nella sua interezza.<\/div><\/li><li id='field_9_10'  class='gfield field_sublabel_below field_description_below gfield_visibility_visible' ><label class='gfield_label' for='input_9_10' >CAPTCHA<\/label><div id='input_9_10' class='ginput_container ginput_recaptcha' data-sitekey='6LdCEoIbAAAAAJxvJVwreynY8e2a6YKVk8FApb3Q'  data-theme='light' data-tabindex='0'  data-badge=''><\/div><\/li><li id='field_9_11'  class='gfield gform_validation_container field_sublabel_below field_description_below gfield_visibility_visible' ><label class='gfield_label' for='input_9_11' >Name<\/label><div class='ginput_container'><input name='input_11' id='input_9_11' type='text' value='' \/><\/div><div class='gfield_description' id='gfield_description_9_11'>Dieses Feld dient zur Validierung und sollte nicht ver\u00e4ndert werden.<\/div><\/li>\n                            <\/ul><\/div>\n        <div class='gform_footer top_label'> <input type='submit' id='gform_submit_button_9' class='gform_button button' value='Einreichen'  onclick='if(window[\"gf_submitting_9\"]){return false;}  window[\"gf_submitting_9\"]=true;  ' onkeypress='if( event.keyCode == 13 ){ if(window[\"gf_submitting_9\"]){return false;} window[\"gf_submitting_9\"]=true;  jQuery(\"#gform_9\").trigger(\"submit\",[true]); }' \/> <input type='hidden' name='gform_ajax' value='form_id=9&amp;title=&amp;description=1&amp;tabindex=0' \/>\n            <input type='hidden' class='gform_hidden' name='is_submit_9' value='1' \/>\n            <input type='hidden' class='gform_hidden' name='gform_submit' value='9' \/>\n            \n            <input type='hidden' class='gform_hidden' name='gform_unique_id' value='' \/>\n            <input type='hidden' class='gform_hidden' name='state_9' value='WyJbXSIsIjMzYmYyMWNkYTJhNzA4YTM1YzdlNzFmY2RiNzcyYTQwIl0=' \/>\n            <input type='hidden' class='gform_hidden' name='gform_target_page_number_9' id='gform_target_page_number_9' value='0' \/>\n            <input type='hidden' class='gform_hidden' name='gform_source_page_number_9' id='gform_source_page_number_9' value='1' \/>\n            <input type='hidden' name='gform_field_values' value='' \/>\n            \n        <\/div>\n                        <\/form>\n                        <\/div>\n                <iframe style='display:none;width:0px;height:0px;' src='about:blank' name='gform_ajax_frame_9' id='gform_ajax_frame_9' title='Dieser iframe enth\u00e4lt die erforderliche Logik um Gravity Forms Formulare mit AJAX zu handhaben.'><\/iframe>\n                <script type='text\/javascript'>jQuery(document).ready(function($){gformInitSpinner( 9, 'data:image\/gif;base64,R0lGODlhAQABAIAAAAAAAP\/\/\/yH5BAEAAAAALAAAAAABAAEAAAIBRAA7' );jQuery('#gform_ajax_frame_9').on('load',function(){var contents = jQuery(this).contents().find('*').html();var is_postback = contents.indexOf('GF_AJAX_POSTBACK') >= 0;if(!is_postback){return;}var form_content = jQuery(this).contents().find('#gform_wrapper_9');var is_confirmation = jQuery(this).contents().find('#gform_confirmation_wrapper_9').length > 0;var is_redirect = contents.indexOf('gformRedirect(){') >= 0;var is_form = form_content.length > 0 && ! is_redirect && ! is_confirmation;var mt = parseInt(jQuery('html').css('margin-top'), 10) + parseInt(jQuery('body').css('margin-top'), 10) + 100;if(is_form){jQuery('#gform_wrapper_9').html(form_content.html());if(form_content.hasClass('gform_validation_error')){jQuery('#gform_wrapper_9').addClass('gform_validation_error');} else {jQuery('#gform_wrapper_9').removeClass('gform_validation_error');}setTimeout( function() { \/* delay the scroll by 50 milliseconds to fix a bug in chrome *\/ jQuery(document).scrollTop(jQuery('#gform_wrapper_9').offset().top - mt); }, 50 );if(window['gformInitDatepicker']) {gformInitDatepicker();}if(window['gformInitPriceFields']) {gformInitPriceFields();}var current_page = jQuery('#gform_source_page_number_9').val();gformInitSpinner( 9, 'data:image\/gif;base64,R0lGODlhAQABAIAAAAAAAP\/\/\/yH5BAEAAAAALAAAAAABAAEAAAIBRAA7' );jQuery(document).trigger('gform_page_loaded', [9, current_page]);window['gf_submitting_9'] = false;}else if(!is_redirect){var confirmation_content = jQuery(this).contents().find('.GF_AJAX_POSTBACK').html();if(!confirmation_content){confirmation_content = contents;}setTimeout(function(){jQuery('#gform_wrapper_9').replaceWith(confirmation_content);jQuery(document).scrollTop(jQuery('#gf_9').offset().top - mt);jQuery(document).trigger('gform_confirmation_loaded', [9]);window['gf_submitting_9'] = false;}, 50);}else{jQuery('#gform_9').append(contents);if(window['gformRedirect']) {gformRedirect();}}jQuery(document).trigger('gform_post_render', [9, current_page]);} );} );<\/script><script type='text\/javascript'> jQuery(document).bind('gform_post_render', function(event, formId, currentPage){if(formId == 9) {} } );jQuery(document).bind('gform_post_conditional_logic', function(event, formId, fields, isInit){} );<\/script><script type='text\/javascript'> jQuery(document).ready(function(){jQuery(document).trigger('gform_post_render', [9, 1]) } ); <\/script>\n","protected":false},"excerpt":{"rendered":"","protected":false},"author":36,"featured_media":0,"parent":0,"menu_order":250,"comment_status":"closed","ping_status":"closed","template":"","meta":{"footnotes":""},"class_list":["post-448","page","type-page","status-publish","hentry"],"yoast_head":"<!-- This site is optimized with the Yoast SEO plugin v26.9 - https:\/\/yoast.com\/product\/yoast-seo-wordpress\/ -->\n<title>Arbeite mit uns - Hotel Miramonti Corvara -<\/title>\n<meta name=\"description\" content=\"[gravityform id=&quot;9&quot; title=&quot;false&quot; description=&quot;true&quot; ajax=&quot;true&quot;].\" \/>\n<meta name=\"robots\" content=\"noindex, follow\" \/>\n<meta property=\"og:locale\" content=\"de_DE\" \/>\n<meta property=\"og:type\" content=\"article\" \/>\n<meta property=\"og:title\" content=\"Arbeite mit uns - Hotel Miramonti Corvara -\" \/>\n<meta property=\"og:description\" content=\"[gravityform id=&quot;9&quot; title=&quot;false&quot; description=&quot;true&quot; ajax=&quot;true&quot;].\" \/>\n<meta property=\"og:url\" content=\"https:\/\/www.hotelmiramonticorvara.it\/de\/arbeite-mit-uns\/\" \/>\n<meta property=\"og:site_name\" content=\"Hotel Miramonti Corvara\" \/>\n<meta property=\"article:modified_time\" content=\"2021-06-25T12:25:34+00:00\" \/>\n<meta name=\"twitter:card\" content=\"summary_large_image\" \/>\n<script type=\"application\/ld+json\" class=\"yoast-schema-graph\">{\"@context\":\"https:\/\/schema.org\",\"@graph\":[{\"@type\":\"WebPage\",\"@id\":\"https:\/\/www.hotelmiramonticorvara.it\/de\/arbeite-mit-uns\/\",\"url\":\"https:\/\/www.hotelmiramonticorvara.it\/de\/arbeite-mit-uns\/\",\"name\":\"Arbeite mit uns - Hotel Miramonti Corvara -\",\"isPartOf\":{\"@id\":\"https:\/\/www.hotelmiramonticorvara.it\/de\/#website\"},\"datePublished\":\"2021-06-25T12:25:15+00:00\",\"dateModified\":\"2021-06-25T12:25:34+00:00\",\"description\":\"[gravityform id=\\\"9\\\" title=\\\"false\\\" description=\\\"true\\\" ajax=\\\"true\\\"].\",\"breadcrumb\":{\"@id\":\"https:\/\/www.hotelmiramonticorvara.it\/de\/arbeite-mit-uns\/#breadcrumb\"},\"inLanguage\":\"de-DE\",\"potentialAction\":[{\"@type\":\"ReadAction\",\"target\":[\"https:\/\/www.hotelmiramonticorvara.it\/de\/arbeite-mit-uns\/\"]}]},{\"@type\":\"BreadcrumbList\",\"@id\":\"https:\/\/www.hotelmiramonticorvara.it\/de\/arbeite-mit-uns\/#breadcrumb\",\"itemListElement\":[{\"@type\":\"ListItem\",\"position\":1,\"name\":\"Home\",\"item\":\"https:\/\/www.hotelmiramonticorvara.it\/de\/\"},{\"@type\":\"ListItem\",\"position\":2,\"name\":\"Arbeite mit uns\"}]},{\"@type\":\"WebSite\",\"@id\":\"https:\/\/www.hotelmiramonticorvara.it\/de\/#website\",\"url\":\"https:\/\/www.hotelmiramonticorvara.it\/de\/\",\"name\":\"Hotel Miramonti Corvara\",\"description\":\"Just another ms.decms.eu site\",\"potentialAction\":[{\"@type\":\"SearchAction\",\"target\":{\"@type\":\"EntryPoint\",\"urlTemplate\":\"https:\/\/www.hotelmiramonticorvara.it\/de\/?s={search_term_string}\"},\"query-input\":{\"@type\":\"PropertyValueSpecification\",\"valueRequired\":true,\"valueName\":\"search_term_string\"}}],\"inLanguage\":\"de-DE\"}]}<\/script>\n<!-- \/ Yoast SEO plugin. -->","yoast_head_json":{"title":"Arbeite mit uns - Hotel Miramonti Corvara -","description":"[gravityform id=\"9\" title=\"false\" description=\"true\" ajax=\"true\"].","robots":{"index":"noindex","follow":"follow"},"og_locale":"de_DE","og_type":"article","og_title":"Arbeite mit uns - Hotel Miramonti Corvara -","og_description":"[gravityform id=\"9\" title=\"false\" description=\"true\" ajax=\"true\"].","og_url":"https:\/\/www.hotelmiramonticorvara.it\/de\/arbeite-mit-uns\/","og_site_name":"Hotel Miramonti Corvara","article_modified_time":"2021-06-25T12:25:34+00:00","twitter_card":"summary_large_image","schema":{"@context":"https:\/\/schema.org","@graph":[{"@type":"WebPage","@id":"https:\/\/www.hotelmiramonticorvara.it\/de\/arbeite-mit-uns\/","url":"https:\/\/www.hotelmiramonticorvara.it\/de\/arbeite-mit-uns\/","name":"Arbeite mit uns - Hotel Miramonti Corvara -","isPartOf":{"@id":"https:\/\/www.hotelmiramonticorvara.it\/de\/#website"},"datePublished":"2021-06-25T12:25:15+00:00","dateModified":"2021-06-25T12:25:34+00:00","description":"[gravityform id=\"9\" title=\"false\" description=\"true\" ajax=\"true\"].","breadcrumb":{"@id":"https:\/\/www.hotelmiramonticorvara.it\/de\/arbeite-mit-uns\/#breadcrumb"},"inLanguage":"de-DE","potentialAction":[{"@type":"ReadAction","target":["https:\/\/www.hotelmiramonticorvara.it\/de\/arbeite-mit-uns\/"]}]},{"@type":"BreadcrumbList","@id":"https:\/\/www.hotelmiramonticorvara.it\/de\/arbeite-mit-uns\/#breadcrumb","itemListElement":[{"@type":"ListItem","position":1,"name":"Home","item":"https:\/\/www.hotelmiramonticorvara.it\/de\/"},{"@type":"ListItem","position":2,"name":"Arbeite mit uns"}]},{"@type":"WebSite","@id":"https:\/\/www.hotelmiramonticorvara.it\/de\/#website","url":"https:\/\/www.hotelmiramonticorvara.it\/de\/","name":"Hotel Miramonti Corvara","description":"Just another ms.decms.eu site","potentialAction":[{"@type":"SearchAction","target":{"@type":"EntryPoint","urlTemplate":"https:\/\/www.hotelmiramonticorvara.it\/de\/?s={search_term_string}"},"query-input":{"@type":"PropertyValueSpecification","valueRequired":true,"valueName":"search_term_string"}}],"inLanguage":"de-DE"}]}},"acf":[],"_links":{"self":[{"href":"https:\/\/www.hotelmiramonticorvara.it\/de\/wp-json\/wp\/v2\/pages\/448","targetHints":{"allow":["GET"]}}],"collection":[{"href":"https:\/\/www.hotelmiramonticorvara.it\/de\/wp-json\/wp\/v2\/pages"}],"about":[{"href":"https:\/\/www.hotelmiramonticorvara.it\/de\/wp-json\/wp\/v2\/types\/page"}],"author":[{"embeddable":true,"href":"https:\/\/www.hotelmiramonticorvara.it\/de\/wp-json\/wp\/v2\/users\/36"}],"replies":[{"embeddable":true,"href":"https:\/\/www.hotelmiramonticorvara.it\/de\/wp-json\/wp\/v2\/comments?post=448"}],"version-history":[{"count":0,"href":"https:\/\/www.hotelmiramonticorvara.it\/de\/wp-json\/wp\/v2\/pages\/448\/revisions"}],"wp:attachment":[{"href":"https:\/\/www.hotelmiramonticorvara.it\/de\/wp-json\/wp\/v2\/media?parent=448"}],"curies":[{"name":"wp","href":"https:\/\/api.w.org\/{rel}","templated":true}]}}