{"id":163,"date":"2021-06-23T13:20:41","date_gmt":"2021-06-23T13:20:41","guid":{"rendered":"https:\/\/hotel-miramonti.ms.decms.eu\/?page_id=163"},"modified":"2023-07-30T08:18:48","modified_gmt":"2023-07-30T08:18:48","slug":"klassisches-vierbett-familienzimmer","status":"publish","type":"page","link":"https:\/\/www.hotelmiramonticorvara.it\/de\/zimmer\/klassisches-vierbett-familienzimmer\/","title":{"rendered":"Klassisches Vierbett\/ Familienzimmer"},"content":{"rendered":"<p style=\"text-align: center\">F\u00fcr Familien mit Kindern ist dieser Zimmertyp die g\u00fcnstigste und funktionalste L\u00f6sung. Die R\u00e4ume sind gro\u00df und perfekt f\u00fcr die Unterbringung mehrerer Personen in v\u00f6lliger Freiheit.<\/p>\n<p style=\"text-align: center\">Wohnbereich und Schlafbereich sind geteilt. Der Blick geht auf das Innere (alle Zimmer haben keinen Balkon und liegen gr\u00f6\u00dftenteils im Erdgeschoss) und die Atmosph\u00e4re ist \u00e4u\u00dferst warm und einladend.<\/p>\n<p style=\"text-align: center\">KLEINE HAUSTIERE ERLAUBT<br \/>\nInnen- oder Teilansicht der umliegenden Berge<br \/>\nWOHNZIMMERBODEN AUS MARMOR ODER FLIESEN<br \/>\nTeppich im Schlafzimmer<br \/>\nSchlafsofas im Wohnzimmer<\/p>\n<p>&nbsp;<\/p>\n<p style=\"text-align: center\"><strong>Aufnahmef\u00e4higkeit maximum 4 Menschen \/ 25 m\u00b2<\/strong><\/p>\n","protected":false},"excerpt":{"rendered":"<p>F\u00fcr Familien mit Kindern ist dieser Zimmertyp die g\u00fcnstigste und funktionalste L\u00f6sung. Die R\u00e4ume sind gro\u00df und perfekt f\u00fcr die Unterbringung mehrerer Personen in v\u00f6lliger Freiheit. Wohnbereich und Schlafbereich sind geteilt. Der Blick geht auf das Innere (alle Zimmer haben keinen Balkon und liegen gr\u00f6\u00dftenteils im Erdgeschoss) und die Atmosph\u00e4re ist \u00e4u\u00dferst warm und einladend. [&hellip;]<\/p>\n","protected":false},"author":36,"featured_media":0,"parent":57,"menu_order":35,"comment_status":"closed","ping_status":"closed","template":"template-single-room.php","meta":{"footnotes":""},"class_list":["post-163","page","type-page","status-publish","hentry"],"yoast_head":"<!-- This site is optimized with the Yoast SEO plugin v26.9 - https:\/\/yoast.com\/product\/yoast-seo-wordpress\/ -->\n<title>Klassisches Vierbett\/ Familienzimmer - Hotel Miramonti Corvara -<\/title>\n<meta name=\"description\" content=\"F\u00fcr Familien mit Kindern ist dieser Zimmertyp die g\u00fcnstigste und funktionalste L\u00f6sung. Die R\u00e4ume sind gro\u00df und perfekt f\u00fcr die Unterbringung mehrerer Personen in v\u00f6lliger Freiheit. Wohnbereich und Schlafbereich sind geteilt\" \/>\n<meta name=\"robots\" content=\"noindex, follow\" \/>\n<meta property=\"og:locale\" content=\"de_DE\" \/>\n<meta property=\"og:type\" content=\"article\" \/>\n<meta property=\"og:title\" content=\"Klassisches Vierbett\/ Familienzimmer - Hotel Miramonti Corvara -\" \/>\n<meta property=\"og:description\" content=\"F\u00fcr Familien mit Kindern ist dieser Zimmertyp die g\u00fcnstigste und funktionalste L\u00f6sung. Die R\u00e4ume sind gro\u00df und perfekt f\u00fcr die Unterbringung mehrerer Personen in v\u00f6lliger Freiheit. Wohnbereich und Schlafbereich sind geteilt\" \/>\n<meta property=\"og:url\" content=\"https:\/\/www.hotelmiramonticorvara.it\/de\/zimmer\/klassisches-vierbett-familienzimmer\/\" \/>\n<meta property=\"og:site_name\" content=\"Hotel Miramonti Corvara\" \/>\n<meta property=\"article:modified_time\" content=\"2023-07-30T08:18:48+00:00\" \/>\n<meta name=\"twitter:card\" content=\"summary_large_image\" \/>\n<meta name=\"twitter:label1\" content=\"Gesch\u00e4tzte Lesezeit\" \/>\n\t<meta name=\"twitter:data1\" content=\"1 Minute\" \/>\n<script type=\"application\/ld+json\" class=\"yoast-schema-graph\">{\"@context\":\"https:\/\/schema.org\",\"@graph\":[{\"@type\":\"WebPage\",\"@id\":\"https:\/\/www.hotelmiramonticorvara.it\/de\/zimmer\/klassisches-vierbett-familienzimmer\/\",\"url\":\"https:\/\/www.hotelmiramonticorvara.it\/de\/zimmer\/klassisches-vierbett-familienzimmer\/\",\"name\":\"Klassisches Vierbett\/ Familienzimmer - Hotel Miramonti Corvara -\",\"isPartOf\":{\"@id\":\"https:\/\/www.hotelmiramonticorvara.it\/de\/#website\"},\"datePublished\":\"2021-06-23T13:20:41+00:00\",\"dateModified\":\"2023-07-30T08:18:48+00:00\",\"description\":\"F\u00fcr Familien mit Kindern ist dieser Zimmertyp die g\u00fcnstigste und funktionalste L\u00f6sung. Die R\u00e4ume sind gro\u00df und perfekt f\u00fcr die Unterbringung mehrerer Personen in v\u00f6lliger Freiheit. Wohnbereich und Schlafbereich sind geteilt\",\"breadcrumb\":{\"@id\":\"https:\/\/www.hotelmiramonticorvara.it\/de\/zimmer\/klassisches-vierbett-familienzimmer\/#breadcrumb\"},\"inLanguage\":\"de-DE\",\"potentialAction\":[{\"@type\":\"ReadAction\",\"target\":[\"https:\/\/www.hotelmiramonticorvara.it\/de\/zimmer\/klassisches-vierbett-familienzimmer\/\"]}]},{\"@type\":\"BreadcrumbList\",\"@id\":\"https:\/\/www.hotelmiramonticorvara.it\/de\/zimmer\/klassisches-vierbett-familienzimmer\/#breadcrumb\",\"itemListElement\":[{\"@type\":\"ListItem\",\"position\":1,\"name\":\"Home\",\"item\":\"https:\/\/www.hotelmiramonticorvara.it\/de\/\"},{\"@type\":\"ListItem\",\"position\":2,\"name\":\"Zimmer\",\"item\":\"https:\/\/www.hotelmiramonticorvara.it\/de\/zimmer\/\"},{\"@type\":\"ListItem\",\"position\":3,\"name\":\"Klassisches Vierbett\/ Familienzimmer\"}]},{\"@type\":\"WebSite\",\"@id\":\"https:\/\/www.hotelmiramonticorvara.it\/de\/#website\",\"url\":\"https:\/\/www.hotelmiramonticorvara.it\/de\/\",\"name\":\"Hotel Miramonti Corvara\",\"description\":\"Just another ms.decms.eu site\",\"potentialAction\":[{\"@type\":\"SearchAction\",\"target\":{\"@type\":\"EntryPoint\",\"urlTemplate\":\"https:\/\/www.hotelmiramonticorvara.it\/de\/?s={search_term_string}\"},\"query-input\":{\"@type\":\"PropertyValueSpecification\",\"valueRequired\":true,\"valueName\":\"search_term_string\"}}],\"inLanguage\":\"de-DE\"}]}<\/script>\n<!-- \/ Yoast SEO plugin. -->","yoast_head_json":{"title":"Klassisches Vierbett\/ Familienzimmer - Hotel Miramonti Corvara -","description":"F\u00fcr Familien mit Kindern ist dieser Zimmertyp die g\u00fcnstigste und funktionalste L\u00f6sung. Die R\u00e4ume sind gro\u00df und perfekt f\u00fcr die Unterbringung mehrerer Personen in v\u00f6lliger Freiheit. Wohnbereich und Schlafbereich sind geteilt","robots":{"index":"noindex","follow":"follow"},"og_locale":"de_DE","og_type":"article","og_title":"Klassisches Vierbett\/ Familienzimmer - Hotel Miramonti Corvara -","og_description":"F\u00fcr Familien mit Kindern ist dieser Zimmertyp die g\u00fcnstigste und funktionalste L\u00f6sung. Die R\u00e4ume sind gro\u00df und perfekt f\u00fcr die Unterbringung mehrerer Personen in v\u00f6lliger Freiheit. Wohnbereich und Schlafbereich sind geteilt","og_url":"https:\/\/www.hotelmiramonticorvara.it\/de\/zimmer\/klassisches-vierbett-familienzimmer\/","og_site_name":"Hotel Miramonti Corvara","article_modified_time":"2023-07-30T08:18:48+00:00","twitter_card":"summary_large_image","twitter_misc":{"Gesch\u00e4tzte Lesezeit":"1 Minute"},"schema":{"@context":"https:\/\/schema.org","@graph":[{"@type":"WebPage","@id":"https:\/\/www.hotelmiramonticorvara.it\/de\/zimmer\/klassisches-vierbett-familienzimmer\/","url":"https:\/\/www.hotelmiramonticorvara.it\/de\/zimmer\/klassisches-vierbett-familienzimmer\/","name":"Klassisches Vierbett\/ Familienzimmer - Hotel Miramonti Corvara -","isPartOf":{"@id":"https:\/\/www.hotelmiramonticorvara.it\/de\/#website"},"datePublished":"2021-06-23T13:20:41+00:00","dateModified":"2023-07-30T08:18:48+00:00","description":"F\u00fcr Familien mit Kindern ist dieser Zimmertyp die g\u00fcnstigste und funktionalste L\u00f6sung. Die R\u00e4ume sind gro\u00df und perfekt f\u00fcr die Unterbringung mehrerer Personen in v\u00f6lliger Freiheit. Wohnbereich und Schlafbereich sind geteilt","breadcrumb":{"@id":"https:\/\/www.hotelmiramonticorvara.it\/de\/zimmer\/klassisches-vierbett-familienzimmer\/#breadcrumb"},"inLanguage":"de-DE","potentialAction":[{"@type":"ReadAction","target":["https:\/\/www.hotelmiramonticorvara.it\/de\/zimmer\/klassisches-vierbett-familienzimmer\/"]}]},{"@type":"BreadcrumbList","@id":"https:\/\/www.hotelmiramonticorvara.it\/de\/zimmer\/klassisches-vierbett-familienzimmer\/#breadcrumb","itemListElement":[{"@type":"ListItem","position":1,"name":"Home","item":"https:\/\/www.hotelmiramonticorvara.it\/de\/"},{"@type":"ListItem","position":2,"name":"Zimmer","item":"https:\/\/www.hotelmiramonticorvara.it\/de\/zimmer\/"},{"@type":"ListItem","position":3,"name":"Klassisches Vierbett\/ Familienzimmer"}]},{"@type":"WebSite","@id":"https:\/\/www.hotelmiramonticorvara.it\/de\/#website","url":"https:\/\/www.hotelmiramonticorvara.it\/de\/","name":"Hotel Miramonti Corvara","description":"Just another ms.decms.eu site","potentialAction":[{"@type":"SearchAction","target":{"@type":"EntryPoint","urlTemplate":"https:\/\/www.hotelmiramonticorvara.it\/de\/?s={search_term_string}"},"query-input":{"@type":"PropertyValueSpecification","valueRequired":true,"valueName":"search_term_string"}}],"inLanguage":"de-DE"}]}},"acf":[],"_links":{"self":[{"href":"https:\/\/www.hotelmiramonticorvara.it\/de\/wp-json\/wp\/v2\/pages\/163","targetHints":{"allow":["GET"]}}],"collection":[{"href":"https:\/\/www.hotelmiramonticorvara.it\/de\/wp-json\/wp\/v2\/pages"}],"about":[{"href":"https:\/\/www.hotelmiramonticorvara.it\/de\/wp-json\/wp\/v2\/types\/page"}],"author":[{"embeddable":true,"href":"https:\/\/www.hotelmiramonticorvara.it\/de\/wp-json\/wp\/v2\/users\/36"}],"replies":[{"embeddable":true,"href":"https:\/\/www.hotelmiramonticorvara.it\/de\/wp-json\/wp\/v2\/comments?post=163"}],"version-history":[{"count":0,"href":"https:\/\/www.hotelmiramonticorvara.it\/de\/wp-json\/wp\/v2\/pages\/163\/revisions"}],"up":[{"embeddable":true,"href":"https:\/\/www.hotelmiramonticorvara.it\/de\/wp-json\/wp\/v2\/pages\/57"}],"wp:attachment":[{"href":"https:\/\/www.hotelmiramonticorvara.it\/de\/wp-json\/wp\/v2\/media?parent=163"}],"curies":[{"name":"wp","href":"https:\/\/api.w.org\/{rel}","templated":true}]}}