{"id":151,"date":"2021-06-23T09:55:58","date_gmt":"2021-06-23T09:55:58","guid":{"rendered":"https:\/\/hotel-miramonti.ms.decms.eu\/?page_id=151"},"modified":"2023-08-15T13:09:39","modified_gmt":"2023-08-15T13:09:39","slug":"superior-triple","status":"publish","type":"page","link":"https:\/\/www.hotelmiramonticorvara.it\/de\/zimmer\/superior-triple\/","title":{"rendered":"Superior Dreibettzimmer"},"content":{"rendered":"<p style=\"text-align: center\">In der superior triple zimmer gibt es alle komfort, der notwendig sind f\u00fcr einen urlaub in relax und vergn\u00fcgen. <strong>Terrasse mit aussicht auf Corvara<\/strong> und die umgebenden bergen, gro\u00dfz\u00fcgige wohnr\u00e4ume, <strong>typischer styl der berggebiete<\/strong>, Wohnraum mit <strong>schlafsofa<\/strong> und k\u00fcche, gro\u00dfer und gem\u00fctlicher schlafraum.<\/p>\n<p style=\"text-align: center\">SCHLAFSOFA<br \/>\nBLICK AUF DIE BERGE<br \/>\nFLIESEN- oder MARMORBODEN IM WOHNZIMMER, TEPPICH IM SCHLAFZIMMER<br \/>\nHUNDE UND KLEINTIERE WILLKOMMEN<\/p>\n<p style=\"text-align: center\"><strong>Aufnahmef\u00e4higkeit maximum 3 Menschen \/ 25 m\u00b2<\/strong><\/p>\n","protected":false},"excerpt":{"rendered":"<p>In der superior triple zimmer gibt es alle komfort, der notwendig sind f\u00fcr einen urlaub in relax und vergn\u00fcgen. Terrasse mit aussicht auf Corvara und die umgebenden bergen, gro\u00dfz\u00fcgige wohnr\u00e4ume, typischer styl der berggebiete, Wohnraum mit schlafsofa und k\u00fcche, gro\u00dfer und gem\u00fctlicher schlafraum. SCHLAFSOFA BLICK AUF DIE BERGE FLIESEN- oder MARMORBODEN IM WOHNZIMMER, TEPPICH IM [&hellip;]<\/p>\n","protected":false},"author":36,"featured_media":0,"parent":57,"menu_order":30,"comment_status":"closed","ping_status":"closed","template":"template-single-room.php","meta":{"footnotes":""},"class_list":["post-151","page","type-page","status-publish","hentry"],"yoast_head":"<!-- This site is optimized with the Yoast SEO plugin v26.9 - https:\/\/yoast.com\/product\/yoast-seo-wordpress\/ -->\n<title>Superior Dreibettzimmer - Hotel Miramonti Corvara -<\/title>\n<meta name=\"description\" content=\"In der superior triple zimmer gibt es alle komfort, der notwendig sind f\u00fcr einen urlaub in relax und vergn\u00fcgen. Terrasse mit aussicht auf Corvara und die umgebenden bergen, gro\u00dfz\u00fcgige wohnr\u00e4ume, typischer styl der berggebiete, Wohnraum mit schlafsofa und k\u00fcche, gro\u00dfer und gem\u00fctlicher schlafraum. SCHLAFSOFA BLICK AUF DIE BERGE FLIESEN- oder MARMORBODEN IM WOHNZIMMER, TEPPICH IM SCHLAFZIMMER HUNDE UND KLEINTIERE WILLKOMMEN Aufnahmef\u00e4higkeit maximum 3 Menschen \/ 25 m\u00b2\" \/>\n<meta name=\"robots\" content=\"noindex, follow\" \/>\n<meta property=\"og:locale\" content=\"de_DE\" \/>\n<meta property=\"og:type\" content=\"article\" \/>\n<meta property=\"og:title\" content=\"Superior Dreibettzimmer - Hotel Miramonti Corvara -\" \/>\n<meta property=\"og:description\" content=\"In der superior triple zimmer gibt es alle komfort, der notwendig sind f\u00fcr einen urlaub in relax und vergn\u00fcgen. Terrasse mit aussicht auf Corvara und die umgebenden bergen, gro\u00dfz\u00fcgige wohnr\u00e4ume, typischer styl der berggebiete, Wohnraum mit schlafsofa und k\u00fcche, gro\u00dfer und gem\u00fctlicher schlafraum. SCHLAFSOFA BLICK AUF DIE BERGE FLIESEN- oder MARMORBODEN IM WOHNZIMMER, TEPPICH IM SCHLAFZIMMER HUNDE UND KLEINTIERE WILLKOMMEN Aufnahmef\u00e4higkeit maximum 3 Menschen \/ 25 m\u00b2\" \/>\n<meta property=\"og:url\" content=\"https:\/\/www.hotelmiramonticorvara.it\/de\/zimmer\/superior-triple\/\" \/>\n<meta property=\"og:site_name\" content=\"Hotel Miramonti Corvara\" \/>\n<meta property=\"article:modified_time\" content=\"2023-08-15T13:09:39+00:00\" \/>\n<meta name=\"twitter:card\" content=\"summary_large_image\" \/>\n<script type=\"application\/ld+json\" class=\"yoast-schema-graph\">{\"@context\":\"https:\/\/schema.org\",\"@graph\":[{\"@type\":\"WebPage\",\"@id\":\"https:\/\/www.hotelmiramonticorvara.it\/de\/zimmer\/superior-triple\/\",\"url\":\"https:\/\/www.hotelmiramonticorvara.it\/de\/zimmer\/superior-triple\/\",\"name\":\"Superior Dreibettzimmer - Hotel Miramonti Corvara -\",\"isPartOf\":{\"@id\":\"https:\/\/www.hotelmiramonticorvara.it\/de\/#website\"},\"datePublished\":\"2021-06-23T09:55:58+00:00\",\"dateModified\":\"2023-08-15T13:09:39+00:00\",\"description\":\"In der superior triple zimmer gibt es alle komfort, der notwendig sind f\u00fcr einen urlaub in relax und vergn\u00fcgen. Terrasse mit aussicht auf Corvara und die umgebenden bergen, gro\u00dfz\u00fcgige wohnr\u00e4ume, typischer styl der berggebiete, Wohnraum mit schlafsofa und k\u00fcche, gro\u00dfer und gem\u00fctlicher schlafraum. SCHLAFSOFA BLICK AUF DIE BERGE FLIESEN- oder MARMORBODEN IM WOHNZIMMER, TEPPICH IM SCHLAFZIMMER HUNDE UND KLEINTIERE WILLKOMMEN Aufnahmef\u00e4higkeit maximum 3 Menschen \/ 25 m\u00b2\",\"breadcrumb\":{\"@id\":\"https:\/\/www.hotelmiramonticorvara.it\/de\/zimmer\/superior-triple\/#breadcrumb\"},\"inLanguage\":\"de-DE\",\"potentialAction\":[{\"@type\":\"ReadAction\",\"target\":[\"https:\/\/www.hotelmiramonticorvara.it\/de\/zimmer\/superior-triple\/\"]}]},{\"@type\":\"BreadcrumbList\",\"@id\":\"https:\/\/www.hotelmiramonticorvara.it\/de\/zimmer\/superior-triple\/#breadcrumb\",\"itemListElement\":[{\"@type\":\"ListItem\",\"position\":1,\"name\":\"Home\",\"item\":\"https:\/\/www.hotelmiramonticorvara.it\/de\/\"},{\"@type\":\"ListItem\",\"position\":2,\"name\":\"Zimmer\",\"item\":\"https:\/\/www.hotelmiramonticorvara.it\/de\/zimmer\/\"},{\"@type\":\"ListItem\",\"position\":3,\"name\":\"Superior Dreibettzimmer\"}]},{\"@type\":\"WebSite\",\"@id\":\"https:\/\/www.hotelmiramonticorvara.it\/de\/#website\",\"url\":\"https:\/\/www.hotelmiramonticorvara.it\/de\/\",\"name\":\"Hotel Miramonti Corvara\",\"description\":\"Just another ms.decms.eu site\",\"potentialAction\":[{\"@type\":\"SearchAction\",\"target\":{\"@type\":\"EntryPoint\",\"urlTemplate\":\"https:\/\/www.hotelmiramonticorvara.it\/de\/?s={search_term_string}\"},\"query-input\":{\"@type\":\"PropertyValueSpecification\",\"valueRequired\":true,\"valueName\":\"search_term_string\"}}],\"inLanguage\":\"de-DE\"}]}<\/script>\n<!-- \/ Yoast SEO plugin. -->","yoast_head_json":{"title":"Superior Dreibettzimmer - Hotel Miramonti Corvara -","description":"In der superior triple zimmer gibt es alle komfort, der notwendig sind f\u00fcr einen urlaub in relax und vergn\u00fcgen. Terrasse mit aussicht auf Corvara und die umgebenden bergen, gro\u00dfz\u00fcgige wohnr\u00e4ume, typischer styl der berggebiete, Wohnraum mit schlafsofa und k\u00fcche, gro\u00dfer und gem\u00fctlicher schlafraum. SCHLAFSOFA BLICK AUF DIE BERGE FLIESEN- oder MARMORBODEN IM WOHNZIMMER, TEPPICH IM SCHLAFZIMMER HUNDE UND KLEINTIERE WILLKOMMEN Aufnahmef\u00e4higkeit maximum 3 Menschen \/ 25 m\u00b2","robots":{"index":"noindex","follow":"follow"},"og_locale":"de_DE","og_type":"article","og_title":"Superior Dreibettzimmer - Hotel Miramonti Corvara -","og_description":"In der superior triple zimmer gibt es alle komfort, der notwendig sind f\u00fcr einen urlaub in relax und vergn\u00fcgen. Terrasse mit aussicht auf Corvara und die umgebenden bergen, gro\u00dfz\u00fcgige wohnr\u00e4ume, typischer styl der berggebiete, Wohnraum mit schlafsofa und k\u00fcche, gro\u00dfer und gem\u00fctlicher schlafraum. SCHLAFSOFA BLICK AUF DIE BERGE FLIESEN- oder MARMORBODEN IM WOHNZIMMER, TEPPICH IM SCHLAFZIMMER HUNDE UND KLEINTIERE WILLKOMMEN Aufnahmef\u00e4higkeit maximum 3 Menschen \/ 25 m\u00b2","og_url":"https:\/\/www.hotelmiramonticorvara.it\/de\/zimmer\/superior-triple\/","og_site_name":"Hotel Miramonti Corvara","article_modified_time":"2023-08-15T13:09:39+00:00","twitter_card":"summary_large_image","schema":{"@context":"https:\/\/schema.org","@graph":[{"@type":"WebPage","@id":"https:\/\/www.hotelmiramonticorvara.it\/de\/zimmer\/superior-triple\/","url":"https:\/\/www.hotelmiramonticorvara.it\/de\/zimmer\/superior-triple\/","name":"Superior Dreibettzimmer - Hotel Miramonti Corvara -","isPartOf":{"@id":"https:\/\/www.hotelmiramonticorvara.it\/de\/#website"},"datePublished":"2021-06-23T09:55:58+00:00","dateModified":"2023-08-15T13:09:39+00:00","description":"In der superior triple zimmer gibt es alle komfort, der notwendig sind f\u00fcr einen urlaub in relax und vergn\u00fcgen. Terrasse mit aussicht auf Corvara und die umgebenden bergen, gro\u00dfz\u00fcgige wohnr\u00e4ume, typischer styl der berggebiete, Wohnraum mit schlafsofa und k\u00fcche, gro\u00dfer und gem\u00fctlicher schlafraum. SCHLAFSOFA BLICK AUF DIE BERGE FLIESEN- oder MARMORBODEN IM WOHNZIMMER, TEPPICH IM SCHLAFZIMMER HUNDE UND KLEINTIERE WILLKOMMEN Aufnahmef\u00e4higkeit maximum 3 Menschen \/ 25 m\u00b2","breadcrumb":{"@id":"https:\/\/www.hotelmiramonticorvara.it\/de\/zimmer\/superior-triple\/#breadcrumb"},"inLanguage":"de-DE","potentialAction":[{"@type":"ReadAction","target":["https:\/\/www.hotelmiramonticorvara.it\/de\/zimmer\/superior-triple\/"]}]},{"@type":"BreadcrumbList","@id":"https:\/\/www.hotelmiramonticorvara.it\/de\/zimmer\/superior-triple\/#breadcrumb","itemListElement":[{"@type":"ListItem","position":1,"name":"Home","item":"https:\/\/www.hotelmiramonticorvara.it\/de\/"},{"@type":"ListItem","position":2,"name":"Zimmer","item":"https:\/\/www.hotelmiramonticorvara.it\/de\/zimmer\/"},{"@type":"ListItem","position":3,"name":"Superior Dreibettzimmer"}]},{"@type":"WebSite","@id":"https:\/\/www.hotelmiramonticorvara.it\/de\/#website","url":"https:\/\/www.hotelmiramonticorvara.it\/de\/","name":"Hotel Miramonti Corvara","description":"Just another ms.decms.eu site","potentialAction":[{"@type":"SearchAction","target":{"@type":"EntryPoint","urlTemplate":"https:\/\/www.hotelmiramonticorvara.it\/de\/?s={search_term_string}"},"query-input":{"@type":"PropertyValueSpecification","valueRequired":true,"valueName":"search_term_string"}}],"inLanguage":"de-DE"}]}},"acf":[],"_links":{"self":[{"href":"https:\/\/www.hotelmiramonticorvara.it\/de\/wp-json\/wp\/v2\/pages\/151","targetHints":{"allow":["GET"]}}],"collection":[{"href":"https:\/\/www.hotelmiramonticorvara.it\/de\/wp-json\/wp\/v2\/pages"}],"about":[{"href":"https:\/\/www.hotelmiramonticorvara.it\/de\/wp-json\/wp\/v2\/types\/page"}],"author":[{"embeddable":true,"href":"https:\/\/www.hotelmiramonticorvara.it\/de\/wp-json\/wp\/v2\/users\/36"}],"replies":[{"embeddable":true,"href":"https:\/\/www.hotelmiramonticorvara.it\/de\/wp-json\/wp\/v2\/comments?post=151"}],"version-history":[{"count":0,"href":"https:\/\/www.hotelmiramonticorvara.it\/de\/wp-json\/wp\/v2\/pages\/151\/revisions"}],"up":[{"embeddable":true,"href":"https:\/\/www.hotelmiramonticorvara.it\/de\/wp-json\/wp\/v2\/pages\/57"}],"wp:attachment":[{"href":"https:\/\/www.hotelmiramonticorvara.it\/de\/wp-json\/wp\/v2\/media?parent=151"}],"curies":[{"name":"wp","href":"https:\/\/api.w.org\/{rel}","templated":true}]}}