{"id":123,"date":"2021-06-22T10:19:20","date_gmt":"2021-06-22T10:19:20","guid":{"rendered":"https:\/\/hotel-miramonti.ms.decms.eu\/?page_id=123"},"modified":"2023-07-30T08:13:40","modified_gmt":"2023-07-30T08:13:40","slug":"klassisches-dreibettzimmer","status":"publish","type":"page","link":"https:\/\/www.hotelmiramonticorvara.it\/de\/zimmer\/klassisches-dreibettzimmer\/","title":{"rendered":"Klassisches Dreibettzimmer"},"content":{"rendered":"<p style=\"text-align: center\">Ideal f\u00fcr G\u00e4ste, die das beste preis-leistungs-verh\u00e4ltnis suchen. Das gro\u00dfe doppelzimmer genie\u00dft eine warme atmosph\u00e4re und ist mit allem Komfort ausgestattet.<\/p>\n<p style=\"text-align: center\">Alle Zimmer haben keinen balkon und befinden sich gr\u00f6\u00dftenteils im erdgeschoss.<\/p>\n<p style=\"text-align: center\">KLEINE HAUSTIERE ERLAUBT<br \/>\nInnen- oder Teilansicht der umliegenden Berge<br \/>\nWOHNZIMMERBODEN AUS MARMOR ODER FLIESEN<br \/>\nTeppich im Schlafzimmer<br \/>\nSchlafsofas im Wohnzimmer<\/p>\n<p style=\"text-align: center\"><strong>Aufnahmef\u00e4higkeit maximum 3 Menschen \/ 25 m\u00b2<\/strong><\/p>\n","protected":false},"excerpt":{"rendered":"<p>Ideal f\u00fcr G\u00e4ste, die das beste preis-leistungs-verh\u00e4ltnis suchen. Das gro\u00dfe doppelzimmer genie\u00dft eine warme atmosph\u00e4re und ist mit allem Komfort ausgestattet. Alle Zimmer haben keinen balkon und befinden sich gr\u00f6\u00dftenteils im erdgeschoss. KLEINE HAUSTIERE ERLAUBT Innen- oder Teilansicht der umliegenden Berge WOHNZIMMERBODEN AUS MARMOR ODER FLIESEN Teppich im Schlafzimmer Schlafsofas im Wohnzimmer Aufnahmef\u00e4higkeit maximum 3 [&hellip;]<\/p>\n","protected":false},"author":36,"featured_media":0,"parent":57,"menu_order":20,"comment_status":"closed","ping_status":"closed","template":"template-single-room.php","meta":{"footnotes":""},"class_list":["post-123","page","type-page","status-publish","hentry"],"yoast_head":"<!-- This site is optimized with the Yoast SEO plugin v26.9 - https:\/\/yoast.com\/product\/yoast-seo-wordpress\/ -->\n<title>Klassisches Dreibettzimmer - Hotel Miramonti Corvara -<\/title>\n<meta name=\"description\" content=\"Ideal f\u00fcr G\u00e4ste, die das beste preis-leistungs-verh\u00e4ltnis suchen. Das gro\u00dfe doppelzimmer genie\u00dft eine warme atmosph\u00e4re und ist mit allem Komfort ausgestattet. Alle Zimmer haben keinen balkon und befinden sich gr\u00f6\u00dftenteils im erdgeschoss. KLEINE HAUSTIERE ERLAUBT Innen- oder Teilansicht der umliegenden Berge WOHNZIMMERBODEN AUS MARMOR ODER FLIESEN Teppich im Schlafzimmer Schlafsofas im Wohnzimmer Aufnahmef\u00e4higkeit maximum 3 Menschen \/ 25 m\u00b2\" \/>\n<meta name=\"robots\" content=\"noindex, follow\" \/>\n<meta property=\"og:locale\" content=\"de_DE\" \/>\n<meta property=\"og:type\" content=\"article\" \/>\n<meta property=\"og:title\" content=\"Klassisches Dreibettzimmer - Hotel Miramonti Corvara -\" \/>\n<meta property=\"og:description\" content=\"Ideal f\u00fcr G\u00e4ste, die das beste preis-leistungs-verh\u00e4ltnis suchen. Das gro\u00dfe doppelzimmer genie\u00dft eine warme atmosph\u00e4re und ist mit allem Komfort ausgestattet. Alle Zimmer haben keinen balkon und befinden sich gr\u00f6\u00dftenteils im erdgeschoss. KLEINE HAUSTIERE ERLAUBT Innen- oder Teilansicht der umliegenden Berge WOHNZIMMERBODEN AUS MARMOR ODER FLIESEN Teppich im Schlafzimmer Schlafsofas im Wohnzimmer Aufnahmef\u00e4higkeit maximum 3 Menschen \/ 25 m\u00b2\" \/>\n<meta property=\"og:url\" content=\"https:\/\/www.hotelmiramonticorvara.it\/de\/zimmer\/klassisches-dreibettzimmer\/\" \/>\n<meta property=\"og:site_name\" content=\"Hotel Miramonti Corvara\" \/>\n<meta property=\"article:modified_time\" content=\"2023-07-30T08:13:40+00:00\" \/>\n<meta name=\"twitter:card\" content=\"summary_large_image\" \/>\n<meta name=\"twitter:label1\" content=\"Gesch\u00e4tzte Lesezeit\" \/>\n\t<meta name=\"twitter:data1\" content=\"1 Minute\" \/>\n<script type=\"application\/ld+json\" class=\"yoast-schema-graph\">{\"@context\":\"https:\/\/schema.org\",\"@graph\":[{\"@type\":\"WebPage\",\"@id\":\"https:\/\/www.hotelmiramonticorvara.it\/de\/zimmer\/klassisches-dreibettzimmer\/\",\"url\":\"https:\/\/www.hotelmiramonticorvara.it\/de\/zimmer\/klassisches-dreibettzimmer\/\",\"name\":\"Klassisches Dreibettzimmer - Hotel Miramonti Corvara -\",\"isPartOf\":{\"@id\":\"https:\/\/www.hotelmiramonticorvara.it\/de\/#website\"},\"datePublished\":\"2021-06-22T10:19:20+00:00\",\"dateModified\":\"2023-07-30T08:13:40+00:00\",\"description\":\"Ideal f\u00fcr G\u00e4ste, die das beste preis-leistungs-verh\u00e4ltnis suchen. Das gro\u00dfe doppelzimmer genie\u00dft eine warme atmosph\u00e4re und ist mit allem Komfort ausgestattet. Alle Zimmer haben keinen balkon und befinden sich gr\u00f6\u00dftenteils im erdgeschoss. KLEINE HAUSTIERE ERLAUBT Innen- oder Teilansicht der umliegenden Berge WOHNZIMMERBODEN AUS MARMOR ODER FLIESEN Teppich im Schlafzimmer Schlafsofas im Wohnzimmer Aufnahmef\u00e4higkeit maximum 3 Menschen \/ 25 m\u00b2\",\"breadcrumb\":{\"@id\":\"https:\/\/www.hotelmiramonticorvara.it\/de\/zimmer\/klassisches-dreibettzimmer\/#breadcrumb\"},\"inLanguage\":\"de-DE\",\"potentialAction\":[{\"@type\":\"ReadAction\",\"target\":[\"https:\/\/www.hotelmiramonticorvara.it\/de\/zimmer\/klassisches-dreibettzimmer\/\"]}]},{\"@type\":\"BreadcrumbList\",\"@id\":\"https:\/\/www.hotelmiramonticorvara.it\/de\/zimmer\/klassisches-dreibettzimmer\/#breadcrumb\",\"itemListElement\":[{\"@type\":\"ListItem\",\"position\":1,\"name\":\"Home\",\"item\":\"https:\/\/www.hotelmiramonticorvara.it\/de\/\"},{\"@type\":\"ListItem\",\"position\":2,\"name\":\"Zimmer\",\"item\":\"https:\/\/www.hotelmiramonticorvara.it\/de\/zimmer\/\"},{\"@type\":\"ListItem\",\"position\":3,\"name\":\"Klassisches Dreibettzimmer\"}]},{\"@type\":\"WebSite\",\"@id\":\"https:\/\/www.hotelmiramonticorvara.it\/de\/#website\",\"url\":\"https:\/\/www.hotelmiramonticorvara.it\/de\/\",\"name\":\"Hotel Miramonti Corvara\",\"description\":\"Just another ms.decms.eu site\",\"potentialAction\":[{\"@type\":\"SearchAction\",\"target\":{\"@type\":\"EntryPoint\",\"urlTemplate\":\"https:\/\/www.hotelmiramonticorvara.it\/de\/?s={search_term_string}\"},\"query-input\":{\"@type\":\"PropertyValueSpecification\",\"valueRequired\":true,\"valueName\":\"search_term_string\"}}],\"inLanguage\":\"de-DE\"}]}<\/script>\n<!-- \/ Yoast SEO plugin. -->","yoast_head_json":{"title":"Klassisches Dreibettzimmer - Hotel Miramonti Corvara -","description":"Ideal f\u00fcr G\u00e4ste, die das beste preis-leistungs-verh\u00e4ltnis suchen. Das gro\u00dfe doppelzimmer genie\u00dft eine warme atmosph\u00e4re und ist mit allem Komfort ausgestattet. Alle Zimmer haben keinen balkon und befinden sich gr\u00f6\u00dftenteils im erdgeschoss. KLEINE HAUSTIERE ERLAUBT Innen- oder Teilansicht der umliegenden Berge WOHNZIMMERBODEN AUS MARMOR ODER FLIESEN Teppich im Schlafzimmer Schlafsofas im Wohnzimmer Aufnahmef\u00e4higkeit maximum 3 Menschen \/ 25 m\u00b2","robots":{"index":"noindex","follow":"follow"},"og_locale":"de_DE","og_type":"article","og_title":"Klassisches Dreibettzimmer - Hotel Miramonti Corvara -","og_description":"Ideal f\u00fcr G\u00e4ste, die das beste preis-leistungs-verh\u00e4ltnis suchen. Das gro\u00dfe doppelzimmer genie\u00dft eine warme atmosph\u00e4re und ist mit allem Komfort ausgestattet. Alle Zimmer haben keinen balkon und befinden sich gr\u00f6\u00dftenteils im erdgeschoss. KLEINE HAUSTIERE ERLAUBT Innen- oder Teilansicht der umliegenden Berge WOHNZIMMERBODEN AUS MARMOR ODER FLIESEN Teppich im Schlafzimmer Schlafsofas im Wohnzimmer Aufnahmef\u00e4higkeit maximum 3 Menschen \/ 25 m\u00b2","og_url":"https:\/\/www.hotelmiramonticorvara.it\/de\/zimmer\/klassisches-dreibettzimmer\/","og_site_name":"Hotel Miramonti Corvara","article_modified_time":"2023-07-30T08:13:40+00:00","twitter_card":"summary_large_image","twitter_misc":{"Gesch\u00e4tzte Lesezeit":"1 Minute"},"schema":{"@context":"https:\/\/schema.org","@graph":[{"@type":"WebPage","@id":"https:\/\/www.hotelmiramonticorvara.it\/de\/zimmer\/klassisches-dreibettzimmer\/","url":"https:\/\/www.hotelmiramonticorvara.it\/de\/zimmer\/klassisches-dreibettzimmer\/","name":"Klassisches Dreibettzimmer - Hotel Miramonti Corvara -","isPartOf":{"@id":"https:\/\/www.hotelmiramonticorvara.it\/de\/#website"},"datePublished":"2021-06-22T10:19:20+00:00","dateModified":"2023-07-30T08:13:40+00:00","description":"Ideal f\u00fcr G\u00e4ste, die das beste preis-leistungs-verh\u00e4ltnis suchen. Das gro\u00dfe doppelzimmer genie\u00dft eine warme atmosph\u00e4re und ist mit allem Komfort ausgestattet. Alle Zimmer haben keinen balkon und befinden sich gr\u00f6\u00dftenteils im erdgeschoss. KLEINE HAUSTIERE ERLAUBT Innen- oder Teilansicht der umliegenden Berge WOHNZIMMERBODEN AUS MARMOR ODER FLIESEN Teppich im Schlafzimmer Schlafsofas im Wohnzimmer Aufnahmef\u00e4higkeit maximum 3 Menschen \/ 25 m\u00b2","breadcrumb":{"@id":"https:\/\/www.hotelmiramonticorvara.it\/de\/zimmer\/klassisches-dreibettzimmer\/#breadcrumb"},"inLanguage":"de-DE","potentialAction":[{"@type":"ReadAction","target":["https:\/\/www.hotelmiramonticorvara.it\/de\/zimmer\/klassisches-dreibettzimmer\/"]}]},{"@type":"BreadcrumbList","@id":"https:\/\/www.hotelmiramonticorvara.it\/de\/zimmer\/klassisches-dreibettzimmer\/#breadcrumb","itemListElement":[{"@type":"ListItem","position":1,"name":"Home","item":"https:\/\/www.hotelmiramonticorvara.it\/de\/"},{"@type":"ListItem","position":2,"name":"Zimmer","item":"https:\/\/www.hotelmiramonticorvara.it\/de\/zimmer\/"},{"@type":"ListItem","position":3,"name":"Klassisches Dreibettzimmer"}]},{"@type":"WebSite","@id":"https:\/\/www.hotelmiramonticorvara.it\/de\/#website","url":"https:\/\/www.hotelmiramonticorvara.it\/de\/","name":"Hotel Miramonti Corvara","description":"Just another ms.decms.eu site","potentialAction":[{"@type":"SearchAction","target":{"@type":"EntryPoint","urlTemplate":"https:\/\/www.hotelmiramonticorvara.it\/de\/?s={search_term_string}"},"query-input":{"@type":"PropertyValueSpecification","valueRequired":true,"valueName":"search_term_string"}}],"inLanguage":"de-DE"}]}},"acf":[],"_links":{"self":[{"href":"https:\/\/www.hotelmiramonticorvara.it\/de\/wp-json\/wp\/v2\/pages\/123","targetHints":{"allow":["GET"]}}],"collection":[{"href":"https:\/\/www.hotelmiramonticorvara.it\/de\/wp-json\/wp\/v2\/pages"}],"about":[{"href":"https:\/\/www.hotelmiramonticorvara.it\/de\/wp-json\/wp\/v2\/types\/page"}],"author":[{"embeddable":true,"href":"https:\/\/www.hotelmiramonticorvara.it\/de\/wp-json\/wp\/v2\/users\/36"}],"replies":[{"embeddable":true,"href":"https:\/\/www.hotelmiramonticorvara.it\/de\/wp-json\/wp\/v2\/comments?post=123"}],"version-history":[{"count":0,"href":"https:\/\/www.hotelmiramonticorvara.it\/de\/wp-json\/wp\/v2\/pages\/123\/revisions"}],"up":[{"embeddable":true,"href":"https:\/\/www.hotelmiramonticorvara.it\/de\/wp-json\/wp\/v2\/pages\/57"}],"wp:attachment":[{"href":"https:\/\/www.hotelmiramonticorvara.it\/de\/wp-json\/wp\/v2\/media?parent=123"}],"curies":[{"name":"wp","href":"https:\/\/api.w.org\/{rel}","templated":true}]}}