{"id":101,"date":"2021-06-21T13:45:32","date_gmt":"2021-06-21T13:45:32","guid":{"rendered":"https:\/\/hotel-miramonti.ms.decms.eu\/?page_id=101"},"modified":"2023-07-30T07:52:25","modified_gmt":"2023-07-30T07:52:25","slug":"komfort-doppelzimmer","status":"publish","type":"page","link":"https:\/\/www.hotelmiramonticorvara.it\/de\/zimmer\/komfort-doppelzimmer\/","title":{"rendered":"Komfort Doppelzimmer"},"content":{"rendered":"<p style=\"text-align: center\">Der warme und gastfreundliche styl des zimmers klassik strebt nach bergtradition, vorwiegend mit holzm\u00f6beln, funktionellem raum mit vom gro\u00dfen schlafzimmer geteiltem wohnraum.<\/p>\n<p style=\"text-align: center\">Die aussicht ist auf das innere des geb\u00e4udes.<\/p>\n<p style=\"text-align: center\">HAUSTIERE ERLAUBT<br \/>\nWEITER PANORAMABLICK (Corvara \/ Berggruppe)<br \/>\nWOHNZIMMERBODEN AUS MARMOR ODER FLIESEN<br \/>\nTeppichboden im Schlafzimmer<\/p>\n<p style=\"text-align: center\"><strong>Aufnahmef\u00e4higkeit maximum 2 Menschen \/ 18 m\u00b2<\/strong><\/p>\n","protected":false},"excerpt":{"rendered":"<p>Der warme und gastfreundliche styl des zimmers klassik strebt nach bergtradition, vorwiegend mit holzm\u00f6beln, funktionellem raum mit vom gro\u00dfen schlafzimmer geteiltem wohnraum. Die aussicht ist auf das innere des geb\u00e4udes. HAUSTIERE ERLAUBT WEITER PANORAMABLICK (Corvara \/ Berggruppe) WOHNZIMMERBODEN AUS MARMOR ODER FLIESEN Teppichboden im Schlafzimmer Aufnahmef\u00e4higkeit maximum 2 Menschen \/ 18 m\u00b2<\/p>\n","protected":false},"author":36,"featured_media":0,"parent":57,"menu_order":10,"comment_status":"closed","ping_status":"closed","template":"template-single-room.php","meta":{"footnotes":""},"class_list":["post-101","page","type-page","status-publish","hentry"],"yoast_head":"<!-- This site is optimized with the Yoast SEO plugin v26.9 - https:\/\/yoast.com\/product\/yoast-seo-wordpress\/ -->\n<title>Komfort Doppelzimmer - Hotel Miramonti Corvara -<\/title>\n<meta name=\"description\" content=\"Der warme und gastfreundliche styl des zimmers klassik strebt nach bergtradition, vorwiegend mit holzm\u00f6beln, funktionellem raum mit vom gro\u00dfen schlafzimmer geteiltem wohnraum. Die aussicht ist auf das innere des geb\u00e4udes. HAUSTIERE ERLAUBT WEITER PANORAMABLICK (Corvara \/ Berggruppe) WOHNZIMMERBODEN AUS MARMOR ODER FLIESEN Teppichboden im Schlafzimmer Aufnahmef\u00e4higkeit maximum 2 Menschen \/ 18 m\u00b2.\" \/>\n<meta name=\"robots\" content=\"noindex, follow\" \/>\n<meta property=\"og:locale\" content=\"de_DE\" \/>\n<meta property=\"og:type\" content=\"article\" \/>\n<meta property=\"og:title\" content=\"Komfort Doppelzimmer - Hotel Miramonti Corvara -\" \/>\n<meta property=\"og:description\" content=\"Der warme und gastfreundliche styl des zimmers klassik strebt nach bergtradition, vorwiegend mit holzm\u00f6beln, funktionellem raum mit vom gro\u00dfen schlafzimmer geteiltem wohnraum. Die aussicht ist auf das innere des geb\u00e4udes. HAUSTIERE ERLAUBT WEITER PANORAMABLICK (Corvara \/ Berggruppe) WOHNZIMMERBODEN AUS MARMOR ODER FLIESEN Teppichboden im Schlafzimmer Aufnahmef\u00e4higkeit maximum 2 Menschen \/ 18 m\u00b2.\" \/>\n<meta property=\"og:url\" content=\"https:\/\/www.hotelmiramonticorvara.it\/de\/zimmer\/komfort-doppelzimmer\/\" \/>\n<meta property=\"og:site_name\" content=\"Hotel Miramonti Corvara\" \/>\n<meta property=\"article:modified_time\" content=\"2023-07-30T07:52:25+00:00\" \/>\n<meta name=\"twitter:card\" content=\"summary_large_image\" \/>\n<meta name=\"twitter:label1\" content=\"Gesch\u00e4tzte Lesezeit\" \/>\n\t<meta name=\"twitter:data1\" content=\"1 Minute\" \/>\n<script type=\"application\/ld+json\" class=\"yoast-schema-graph\">{\"@context\":\"https:\/\/schema.org\",\"@graph\":[{\"@type\":\"WebPage\",\"@id\":\"https:\/\/www.hotelmiramonticorvara.it\/de\/zimmer\/komfort-doppelzimmer\/\",\"url\":\"https:\/\/www.hotelmiramonticorvara.it\/de\/zimmer\/komfort-doppelzimmer\/\",\"name\":\"Komfort Doppelzimmer - Hotel Miramonti Corvara -\",\"isPartOf\":{\"@id\":\"https:\/\/www.hotelmiramonticorvara.it\/de\/#website\"},\"datePublished\":\"2021-06-21T13:45:32+00:00\",\"dateModified\":\"2023-07-30T07:52:25+00:00\",\"description\":\"Der warme und gastfreundliche styl des zimmers klassik strebt nach bergtradition, vorwiegend mit holzm\u00f6beln, funktionellem raum mit vom gro\u00dfen schlafzimmer geteiltem wohnraum. Die aussicht ist auf das innere des geb\u00e4udes. HAUSTIERE ERLAUBT WEITER PANORAMABLICK (Corvara \/ Berggruppe) WOHNZIMMERBODEN AUS MARMOR ODER FLIESEN Teppichboden im Schlafzimmer Aufnahmef\u00e4higkeit maximum 2 Menschen \/ 18 m\u00b2 .\",\"breadcrumb\":{\"@id\":\"https:\/\/www.hotelmiramonticorvara.it\/de\/zimmer\/komfort-doppelzimmer\/#breadcrumb\"},\"inLanguage\":\"de-DE\",\"potentialAction\":[{\"@type\":\"ReadAction\",\"target\":[\"https:\/\/www.hotelmiramonticorvara.it\/de\/zimmer\/komfort-doppelzimmer\/\"]}]},{\"@type\":\"BreadcrumbList\",\"@id\":\"https:\/\/www.hotelmiramonticorvara.it\/de\/zimmer\/komfort-doppelzimmer\/#breadcrumb\",\"itemListElement\":[{\"@type\":\"ListItem\",\"position\":1,\"name\":\"Home\",\"item\":\"https:\/\/www.hotelmiramonticorvara.it\/de\/\"},{\"@type\":\"ListItem\",\"position\":2,\"name\":\"Zimmer\",\"item\":\"https:\/\/www.hotelmiramonticorvara.it\/de\/zimmer\/\"},{\"@type\":\"ListItem\",\"position\":3,\"name\":\"Komfort Doppelzimmer\"}]},{\"@type\":\"WebSite\",\"@id\":\"https:\/\/www.hotelmiramonticorvara.it\/de\/#website\",\"url\":\"https:\/\/www.hotelmiramonticorvara.it\/de\/\",\"name\":\"Hotel Miramonti Corvara\",\"description\":\"Just another ms.decms.eu site\",\"potentialAction\":[{\"@type\":\"SearchAction\",\"target\":{\"@type\":\"EntryPoint\",\"urlTemplate\":\"https:\/\/www.hotelmiramonticorvara.it\/de\/?s={search_term_string}\"},\"query-input\":{\"@type\":\"PropertyValueSpecification\",\"valueRequired\":true,\"valueName\":\"search_term_string\"}}],\"inLanguage\":\"de-DE\"}]}<\/script>\n<!-- \/ Yoast SEO plugin. -->","yoast_head_json":{"title":"Komfort Doppelzimmer - Hotel Miramonti Corvara -","description":"Der warme und gastfreundliche styl des zimmers klassik strebt nach bergtradition, vorwiegend mit holzm\u00f6beln, funktionellem raum mit vom gro\u00dfen schlafzimmer geteiltem wohnraum. Die aussicht ist auf das innere des geb\u00e4udes. HAUSTIERE ERLAUBT WEITER PANORAMABLICK (Corvara \/ Berggruppe) WOHNZIMMERBODEN AUS MARMOR ODER FLIESEN Teppichboden im Schlafzimmer Aufnahmef\u00e4higkeit maximum 2 Menschen \/ 18 m\u00b2.","robots":{"index":"noindex","follow":"follow"},"og_locale":"de_DE","og_type":"article","og_title":"Komfort Doppelzimmer - Hotel Miramonti Corvara -","og_description":"Der warme und gastfreundliche styl des zimmers klassik strebt nach bergtradition, vorwiegend mit holzm\u00f6beln, funktionellem raum mit vom gro\u00dfen schlafzimmer geteiltem wohnraum. Die aussicht ist auf das innere des geb\u00e4udes. HAUSTIERE ERLAUBT WEITER PANORAMABLICK (Corvara \/ Berggruppe) WOHNZIMMERBODEN AUS MARMOR ODER FLIESEN Teppichboden im Schlafzimmer Aufnahmef\u00e4higkeit maximum 2 Menschen \/ 18 m\u00b2.","og_url":"https:\/\/www.hotelmiramonticorvara.it\/de\/zimmer\/komfort-doppelzimmer\/","og_site_name":"Hotel Miramonti Corvara","article_modified_time":"2023-07-30T07:52:25+00:00","twitter_card":"summary_large_image","twitter_misc":{"Gesch\u00e4tzte Lesezeit":"1 Minute"},"schema":{"@context":"https:\/\/schema.org","@graph":[{"@type":"WebPage","@id":"https:\/\/www.hotelmiramonticorvara.it\/de\/zimmer\/komfort-doppelzimmer\/","url":"https:\/\/www.hotelmiramonticorvara.it\/de\/zimmer\/komfort-doppelzimmer\/","name":"Komfort Doppelzimmer - Hotel Miramonti Corvara -","isPartOf":{"@id":"https:\/\/www.hotelmiramonticorvara.it\/de\/#website"},"datePublished":"2021-06-21T13:45:32+00:00","dateModified":"2023-07-30T07:52:25+00:00","description":"Der warme und gastfreundliche styl des zimmers klassik strebt nach bergtradition, vorwiegend mit holzm\u00f6beln, funktionellem raum mit vom gro\u00dfen schlafzimmer geteiltem wohnraum. Die aussicht ist auf das innere des geb\u00e4udes. HAUSTIERE ERLAUBT WEITER PANORAMABLICK (Corvara \/ Berggruppe) WOHNZIMMERBODEN AUS MARMOR ODER FLIESEN Teppichboden im Schlafzimmer Aufnahmef\u00e4higkeit maximum 2 Menschen \/ 18 m\u00b2 .","breadcrumb":{"@id":"https:\/\/www.hotelmiramonticorvara.it\/de\/zimmer\/komfort-doppelzimmer\/#breadcrumb"},"inLanguage":"de-DE","potentialAction":[{"@type":"ReadAction","target":["https:\/\/www.hotelmiramonticorvara.it\/de\/zimmer\/komfort-doppelzimmer\/"]}]},{"@type":"BreadcrumbList","@id":"https:\/\/www.hotelmiramonticorvara.it\/de\/zimmer\/komfort-doppelzimmer\/#breadcrumb","itemListElement":[{"@type":"ListItem","position":1,"name":"Home","item":"https:\/\/www.hotelmiramonticorvara.it\/de\/"},{"@type":"ListItem","position":2,"name":"Zimmer","item":"https:\/\/www.hotelmiramonticorvara.it\/de\/zimmer\/"},{"@type":"ListItem","position":3,"name":"Komfort Doppelzimmer"}]},{"@type":"WebSite","@id":"https:\/\/www.hotelmiramonticorvara.it\/de\/#website","url":"https:\/\/www.hotelmiramonticorvara.it\/de\/","name":"Hotel Miramonti Corvara","description":"Just another ms.decms.eu site","potentialAction":[{"@type":"SearchAction","target":{"@type":"EntryPoint","urlTemplate":"https:\/\/www.hotelmiramonticorvara.it\/de\/?s={search_term_string}"},"query-input":{"@type":"PropertyValueSpecification","valueRequired":true,"valueName":"search_term_string"}}],"inLanguage":"de-DE"}]}},"acf":[],"_links":{"self":[{"href":"https:\/\/www.hotelmiramonticorvara.it\/de\/wp-json\/wp\/v2\/pages\/101","targetHints":{"allow":["GET"]}}],"collection":[{"href":"https:\/\/www.hotelmiramonticorvara.it\/de\/wp-json\/wp\/v2\/pages"}],"about":[{"href":"https:\/\/www.hotelmiramonticorvara.it\/de\/wp-json\/wp\/v2\/types\/page"}],"author":[{"embeddable":true,"href":"https:\/\/www.hotelmiramonticorvara.it\/de\/wp-json\/wp\/v2\/users\/36"}],"replies":[{"embeddable":true,"href":"https:\/\/www.hotelmiramonticorvara.it\/de\/wp-json\/wp\/v2\/comments?post=101"}],"version-history":[{"count":0,"href":"https:\/\/www.hotelmiramonticorvara.it\/de\/wp-json\/wp\/v2\/pages\/101\/revisions"}],"up":[{"embeddable":true,"href":"https:\/\/www.hotelmiramonticorvara.it\/de\/wp-json\/wp\/v2\/pages\/57"}],"wp:attachment":[{"href":"https:\/\/www.hotelmiramonticorvara.it\/de\/wp-json\/wp\/v2\/media?parent=101"}],"curies":[{"name":"wp","href":"https:\/\/api.w.org\/{rel}","templated":true}]}}